{"id":4605,"date":"2023-04-24T12:53:43","date_gmt":"2023-04-24T10:53:43","guid":{"rendered":"https:\/\/gdynia.thaimai.pl\/sonderangebot\/geschenkidee\/"},"modified":"2024-01-25T13:20:35","modified_gmt":"2024-01-25T12:20:35","slug":"geschenkidee","status":"publish","type":"page","link":"https:\/\/gdynia.thaimai.pl\/de\/sonderangebot\/geschenkidee\/","title":{"rendered":"Geschenkidee"},"content":{"rendered":"<p><div class=\"fusion-fullwidth fullwidth-box fusion-builder-row-1 fusion-flex-container has-pattern-background has-mask-background nonhundred-percent-fullwidth non-hundred-percent-height-scrolling\" style=\"--awb-border-radius-top-left:0px;--awb-border-radius-top-right:0px;--awb-border-radius-bottom-right:0px;--awb-border-radius-bottom-left:0px;--awb-flex-wrap:wrap;\" ><div class=\"fusion-builder-row fusion-row fusion-flex-align-items-flex-start fusion-flex-content-wrap\" style=\"max-width:1216.8px;margin-left: calc(-4% \/ 2 );margin-right: calc(-4% \/ 2 );\"><div class=\"fusion-layout-column fusion_builder_column fusion-builder-column-0 fusion_builder_column_1_2 1_2 fusion-flex-column fusion-no-small-visibility fusion-no-medium-visibility\" style=\"--awb-bg-size:cover;--awb-width-large:50%;--awb-margin-top-large:0px;--awb-spacing-right-large:3.84%;--awb-margin-bottom-large:20px;--awb-spacing-left-large:3.84%;--awb-width-medium:100%;--awb-order-medium:0;--awb-spacing-right-medium:1.92%;--awb-spacing-left-medium:1.92%;--awb-width-small:100%;--awb-order-small:0;--awb-spacing-right-small:1.92%;--awb-spacing-left-small:1.92%;\" data-motion-effects=\"[{&quot;type&quot;:&quot;&quot;,&quot;scroll_type&quot;:&quot;transition&quot;,&quot;scroll_direction&quot;:&quot;up&quot;,&quot;transition_speed&quot;:&quot;1&quot;,&quot;fade_type&quot;:&quot;in&quot;,&quot;scale_type&quot;:&quot;up&quot;,&quot;initial_scale&quot;:&quot;1&quot;,&quot;max_scale&quot;:&quot;1.5&quot;,&quot;min_scale&quot;:&quot;0.5&quot;,&quot;initial_rotate&quot;:&quot;0&quot;,&quot;end_rotate&quot;:&quot;30&quot;,&quot;initial_blur&quot;:&quot;0&quot;,&quot;end_blur&quot;:&quot;3&quot;,&quot;start_element&quot;:&quot;top&quot;,&quot;start_viewport&quot;:&quot;bottom&quot;,&quot;end_element&quot;:&quot;bottom&quot;,&quot;end_viewport&quot;:&quot;top&quot;,&quot;mouse_effect&quot;:&quot;track&quot;,&quot;mouse_effect_direction&quot;:&quot;opposite&quot;,&quot;mouse_effect_speed&quot;:&quot;2&quot;,&quot;infinite_animation&quot;:&quot;float&quot;,&quot;infinite_animation_speed&quot;:&quot;2&quot;}]\" data-scroll-devices=\"small-visibility,medium-visibility,large-visibility\"><div class=\"fusion-column-wrapper fusion-column-has-shadow fusion-flex-justify-content-flex-start fusion-content-layout-column\"><div class=\"fusion-image-element \" style=\"--awb-caption-title-font-family:var(--h2_typography-font-family);--awb-caption-title-font-weight:var(--h2_typography-font-weight);--awb-caption-title-font-style:var(--h2_typography-font-style);--awb-caption-title-size:var(--h2_typography-font-size);--awb-caption-title-transform:var(--h2_typography-text-transform);--awb-caption-title-line-height:var(--h2_typography-line-height);--awb-caption-title-letter-spacing:var(--h2_typography-letter-spacing);\"><span class=\" fusion-imageframe imageframe-dropshadow imageframe-1 hover-type-zoomin\" style=\"border-radius:15px;-webkit-box-shadow: 3px 3px 7px rgba(130,130,130,0.3);box-shadow: 3px 3px 7px rgba(130,130,130,0.3);\"><img decoding=\"async\" width=\"800\" height=\"534\" alt=\"Geschenk-Einladungen f\u00fcr eine Massage\" title=\"Geschenk-Einladungen f\u00fcr eine Massage\" src=\"https:\/\/gdynia.thaimai.pl\/wp-content\/uploads\/2023\/07\/1Y5A2184.jpg\" data-orig-src=\"https:\/\/gdynia.thaimai.pl\/wp-content\/uploads\/2023\/07\/1Y5A2184-800x534.jpg\" class=\"lazyload img-responsive wp-image-4216\" srcset=\"data:image\/svg+xml,%3Csvg%20xmlns%3D%27http%3A%2F%2Fwww.w3.org%2F2000%2Fsvg%27%20width%3D%271600%27%20height%3D%271067%27%20viewBox%3D%270%200%201600%201067%27%3E%3Crect%20width%3D%271600%27%20height%3D%271067%27%20fill-opacity%3D%220%22%2F%3E%3C%2Fsvg%3E\" data-srcset=\"https:\/\/gdynia.thaimai.pl\/wp-content\/uploads\/2023\/07\/1Y5A2184-200x133.jpg 200w, https:\/\/gdynia.thaimai.pl\/wp-content\/uploads\/2023\/07\/1Y5A2184-400x267.jpg 400w, https:\/\/gdynia.thaimai.pl\/wp-content\/uploads\/2023\/07\/1Y5A2184-600x400.jpg 600w, https:\/\/gdynia.thaimai.pl\/wp-content\/uploads\/2023\/07\/1Y5A2184-800x534.jpg 800w, https:\/\/gdynia.thaimai.pl\/wp-content\/uploads\/2023\/07\/1Y5A2184-1200x800.jpg 1200w, https:\/\/gdynia.thaimai.pl\/wp-content\/uploads\/2023\/07\/1Y5A2184.jpg 1600w\" data-sizes=\"auto\" data-orig-sizes=\"(max-width: 1220px) 100vw, (max-width: 640px) 100vw, 600px\" \/><\/span><\/div><\/div><\/div><div class=\"fusion-layout-column fusion_builder_column fusion-builder-column-1 fusion_builder_column_1_2 1_2 fusion-flex-column\" style=\"--awb-bg-size:cover;--awb-width-large:50%;--awb-margin-top-large:0px;--awb-spacing-right-large:3.84%;--awb-margin-bottom-large:20px;--awb-spacing-left-large:3.84%;--awb-width-medium:100%;--awb-order-medium:0;--awb-spacing-right-medium:1.92%;--awb-spacing-left-medium:1.92%;--awb-width-small:100%;--awb-order-small:0;--awb-spacing-right-small:1.92%;--awb-spacing-left-small:1.92%;\"><div class=\"fusion-column-wrapper fusion-column-has-shadow fusion-flex-justify-content-flex-start fusion-content-layout-column\"><div class=\"fusion-title title fusion-title-1 fusion-title-center fusion-title-text fusion-title-size-two\" style=\"--awb-text-color:var(--awb-color5);--awb-font-size:24px;\"><div class=\"title-sep-container title-sep-container-left\"><div class=\"title-sep sep- sep-solid\" style=\"border-color:hsla(var(--awb-color1-h),var(--awb-color1-s),var(--awb-color1-l),calc( var(--awb-color1-a) - 80% ));\"><\/div><\/div><span class=\"awb-title-spacer\"><\/span><h2 class=\"fusion-title-heading title-heading-center fusion-responsive-typography-calculated\" style=\"font-family:&quot;Cinzel&quot;;font-style:normal;font-weight:400;margin:0;font-size:1em;--fontSize:24;line-height:1.1;\">Einladung zu einer Massage<\/h2><span class=\"awb-title-spacer\"><\/span><div class=\"title-sep-container title-sep-container-right\"><div class=\"title-sep sep- sep-solid\" style=\"border-color:hsla(var(--awb-color1-h),var(--awb-color1-s),var(--awb-color1-l),calc( var(--awb-color1-a) - 80% ));\"><\/div><\/div><\/div><div class=\"fusion-image-element fusion-no-large-visibility\" style=\"--awb-caption-title-font-family:var(--h2_typography-font-family);--awb-caption-title-font-weight:var(--h2_typography-font-weight);--awb-caption-title-font-style:var(--h2_typography-font-style);--awb-caption-title-size:var(--h2_typography-font-size);--awb-caption-title-transform:var(--h2_typography-text-transform);--awb-caption-title-line-height:var(--h2_typography-line-height);--awb-caption-title-letter-spacing:var(--h2_typography-letter-spacing);\"><span class=\" fusion-imageframe imageframe-dropshadow imageframe-2 hover-type-zoomin\" style=\"border-radius:15px;-webkit-box-shadow: 3px 3px 7px rgba(130,130,130,0.3);box-shadow: 3px 3px 7px rgba(130,130,130,0.3);\"><img decoding=\"async\" width=\"800\" height=\"534\" alt=\"Geschenk-Einladungen f\u00fcr eine Massage\" title=\"Geschenk-Einladungen f\u00fcr eine Massage\" src=\"https:\/\/gdynia.thaimai.pl\/wp-content\/uploads\/2023\/07\/1Y5A2184.jpg\" data-orig-src=\"https:\/\/gdynia.thaimai.pl\/wp-content\/uploads\/2023\/07\/1Y5A2184-800x534.jpg\" class=\"lazyload img-responsive wp-image-4216\" srcset=\"data:image\/svg+xml,%3Csvg%20xmlns%3D%27http%3A%2F%2Fwww.w3.org%2F2000%2Fsvg%27%20width%3D%271600%27%20height%3D%271067%27%20viewBox%3D%270%200%201600%201067%27%3E%3Crect%20width%3D%271600%27%20height%3D%271067%27%20fill-opacity%3D%220%22%2F%3E%3C%2Fsvg%3E\" data-srcset=\"https:\/\/gdynia.thaimai.pl\/wp-content\/uploads\/2023\/07\/1Y5A2184-200x133.jpg 200w, https:\/\/gdynia.thaimai.pl\/wp-content\/uploads\/2023\/07\/1Y5A2184-400x267.jpg 400w, https:\/\/gdynia.thaimai.pl\/wp-content\/uploads\/2023\/07\/1Y5A2184-600x400.jpg 600w, https:\/\/gdynia.thaimai.pl\/wp-content\/uploads\/2023\/07\/1Y5A2184-800x534.jpg 800w, https:\/\/gdynia.thaimai.pl\/wp-content\/uploads\/2023\/07\/1Y5A2184-1200x800.jpg 1200w, https:\/\/gdynia.thaimai.pl\/wp-content\/uploads\/2023\/07\/1Y5A2184.jpg 1600w\" data-sizes=\"auto\" data-orig-sizes=\"(max-width: 1220px) 100vw, (max-width: 640px) 100vw, 600px\" \/><\/span><\/div><div class=\"fusion-text fusion-text-1\" style=\"--awb-content-alignment:justify;\"><p>Sie suchen nach einer originellen Geschenkidee? Ein beliebtes Geschenk f\u00fcr die Liebsten ist eine echte Herausforderung. Machen Sie Ihrer Familie, Ihrem Freund oder Ihrer Freundin eine Freude, indem Sie eine Einladung zu einer beliebigen Massage in unserem Salon kaufen! Ein Geschenkgutschein ist das ideale Geschenk f\u00fcr Geburtstage, Weihnachten oder den Valentinstag. Mit einem solchen Geschenk \u00fcberraschen Sie nicht nur Ihre Lieben, sondern erm\u00f6glichen ihnen auch, die au\u00dfergew\u00f6hnlichen Techniken der Thai-Massage kennen zu lernen.<\/p>\n<p>Die Einladung kann in unserem Ausstellungsraum oder \u00fcber unseren Online-Shop erworben werden. Der Gutschein ist ab dem Kaufdatum 3 Monate lang g\u00fcltig*.<\/p>\n<p>*HINWEIS. Wenn Sie zu einer geschenkten Massage nicht erscheinen oder Ihre Massage sp\u00e4testens 5 Stunden vor Beginn der Massage absagen, verf\u00e4llt die Einladung, unabh\u00e4ngig vom Ablaufdatum!<\/p>\n<\/div><div style=\"text-align:center;\"><a class=\"fusion-button button-flat button-large button-custom fusion-button-default button-1 fusion-button-default-span fusion-button-default-type\" style=\"--button_accent_color:#600b11;--button_accent_hover_color:var(--awb-color1);--button_border_hover_color:var(--awb-color1);--button_border_width-top:0;--button_border_width-right:0;--button_border_width-bottom:0;--button_border_width-left:0;--button-border-radius-top-left:10px;--button-border-radius-top-right:10px;--button-border-radius-bottom-right:10px;--button-border-radius-bottom-left:10px;--button_gradient_top_color:#f8dd97;--button_gradient_bottom_color:#f8dd97;--button_gradient_top_color_hover:#600b11;--button_gradient_bottom_color_hover:#600b11;--button_margin-bottom:20px;\" target=\"_self\" href=\"https:\/\/sklep.thaimai.pl\/produkty\/produkt\/zaproszenie\"><i class=\"fa-shopping-basket fas button-icon-left\" aria-hidden=\"true\"><\/i><span class=\"fusion-button-text\">Eine Einladung kaufen<\/span><\/a><\/div><\/div><\/div><div class=\"fusion-layout-column fusion_builder_column fusion-builder-column-2 fusion_builder_column_1_1 1_1 fusion-flex-column\" style=\"--awb-bg-size:cover;--awb-width-large:100%;--awb-margin-top-large:0px;--awb-spacing-right-large:1.92%;--awb-margin-bottom-large:20px;--awb-spacing-left-large:1.92%;--awb-width-medium:100%;--awb-order-medium:0;--awb-spacing-right-medium:1.92%;--awb-spacing-left-medium:1.92%;--awb-width-small:100%;--awb-order-small:0;--awb-spacing-right-small:1.92%;--awb-spacing-left-small:1.92%;\"><div class=\"fusion-column-wrapper fusion-column-has-shadow fusion-flex-justify-content-flex-start fusion-content-layout-column\"><div class=\"fusion-separator fusion-has-icon fusion-full-width-sep\" style=\"align-self: center;margin-left: auto;margin-right: auto;width:100%;\"><div class=\"fusion-separator-border sep-single sep-solid\" style=\"--awb-height:20px;--awb-amount:20px;border-color:hsla(var(--awb-color1-h),var(--awb-color1-s),var(--awb-color1-l),calc( var(--awb-color1-a) - 80% ));border-top-width:1px;\"><\/div><span class=\"icon-wrapper\" style=\"border-color:hsla(var(--awb-color1-h),var(--awb-color1-s),var(--awb-color1-l),calc( var(--awb-color1-a) - 80% ));background-color:rgba(255,255,255,0);font-size:16px;width: 1.75em; height: 1.75em;border-width:1px;padding:1px;margin-top:-0.5px\"><i class=\"fa-fan fas\" style=\"font-size: inherit;color:hsla(var(--awb-color1-h),var(--awb-color1-s),var(--awb-color1-l),calc( var(--awb-color1-a) - 80% ));\" aria-hidden=\"true\"><\/i><\/span><div class=\"fusion-separator-border sep-single sep-solid\" style=\"--awb-height:20px;--awb-amount:20px;border-color:hsla(var(--awb-color1-h),var(--awb-color1-s),var(--awb-color1-l),calc( var(--awb-color1-a) - 80% ));border-top-width:1px;\"><\/div><\/div><\/div><\/div><\/div><\/div><div class=\"fusion-fullwidth fullwidth-box fusion-builder-row-2 fusion-flex-container has-pattern-background has-mask-background nonhundred-percent-fullwidth non-hundred-percent-height-scrolling\" style=\"--awb-border-radius-top-left:0px;--awb-border-radius-top-right:0px;--awb-border-radius-bottom-right:0px;--awb-border-radius-bottom-left:0px;--awb-flex-wrap:wrap;\" ><div class=\"fusion-builder-row fusion-row fusion-flex-align-items-flex-start fusion-flex-content-wrap\" style=\"max-width:1216.8px;margin-left: calc(-4% \/ 2 );margin-right: calc(-4% \/ 2 );\"><div class=\"fusion-layout-column fusion_builder_column fusion-builder-column-3 fusion_builder_column_1_2 1_2 fusion-flex-column\" style=\"--awb-bg-size:cover;--awb-width-large:50%;--awb-margin-top-large:0px;--awb-spacing-right-large:3.84%;--awb-margin-bottom-large:20px;--awb-spacing-left-large:3.84%;--awb-width-medium:100%;--awb-order-medium:0;--awb-spacing-right-medium:1.92%;--awb-spacing-left-medium:1.92%;--awb-width-small:100%;--awb-order-small:0;--awb-spacing-right-small:1.92%;--awb-spacing-left-small:1.92%;\"><div class=\"fusion-column-wrapper fusion-column-has-shadow fusion-flex-justify-content-flex-start fusion-content-layout-column\"><div class=\"fusion-title title fusion-title-2 fusion-title-center fusion-title-text fusion-title-size-two\" style=\"--awb-text-color:var(--awb-color5);--awb-font-size:24px;\"><div class=\"title-sep-container title-sep-container-left\"><div class=\"title-sep sep- sep-solid\" style=\"border-color:hsla(var(--awb-color1-h),var(--awb-color1-s),var(--awb-color1-l),calc( var(--awb-color1-a) - 80% ));\"><\/div><\/div><span class=\"awb-title-spacer\"><\/span><h2 class=\"fusion-title-heading title-heading-center fusion-responsive-typography-calculated\" style=\"font-family:&quot;Cinzel&quot;;font-style:normal;font-weight:400;margin:0;font-size:1em;--fontSize:24;line-height:1.1;\">Geschenkgutscheine<\/h2><span class=\"awb-title-spacer\"><\/span><div class=\"title-sep-container title-sep-container-right\"><div class=\"title-sep sep- sep-solid\" style=\"border-color:hsla(var(--awb-color1-h),var(--awb-color1-s),var(--awb-color1-l),calc( var(--awb-color1-a) - 80% ));\"><\/div><\/div><\/div><div class=\"fusion-image-element fusion-no-large-visibility\" style=\"--awb-caption-title-font-family:var(--h2_typography-font-family);--awb-caption-title-font-weight:var(--h2_typography-font-weight);--awb-caption-title-font-style:var(--h2_typography-font-style);--awb-caption-title-size:var(--h2_typography-font-size);--awb-caption-title-transform:var(--h2_typography-text-transform);--awb-caption-title-line-height:var(--h2_typography-line-height);--awb-caption-title-letter-spacing:var(--h2_typography-letter-spacing);\"><span class=\" fusion-imageframe imageframe-dropshadow imageframe-3 hover-type-zoomin\" style=\"border-radius:15px;-webkit-box-shadow: 3px 3px 7px rgba(130,130,130,0.3);box-shadow: 3px 3px 7px rgba(130,130,130,0.3);\"><img decoding=\"async\" width=\"800\" height=\"534\" title=\"bon 100\" src=\"https:\/\/gdynia.thaimai.pl\/wp-content\/uploads\/2023\/07\/bon-100.jpg\" data-orig-src=\"https:\/\/gdynia.thaimai.pl\/wp-content\/uploads\/2023\/07\/bon-100-800x534.jpg\" alt class=\"lazyload img-responsive wp-image-4230\" srcset=\"data:image\/svg+xml,%3Csvg%20xmlns%3D%27http%3A%2F%2Fwww.w3.org%2F2000%2Fsvg%27%20width%3D%271600%27%20height%3D%271067%27%20viewBox%3D%270%200%201600%201067%27%3E%3Crect%20width%3D%271600%27%20height%3D%271067%27%20fill-opacity%3D%220%22%2F%3E%3C%2Fsvg%3E\" data-srcset=\"https:\/\/gdynia.thaimai.pl\/wp-content\/uploads\/2023\/07\/bon-100-200x133.jpg 200w, https:\/\/gdynia.thaimai.pl\/wp-content\/uploads\/2023\/07\/bon-100-400x267.jpg 400w, https:\/\/gdynia.thaimai.pl\/wp-content\/uploads\/2023\/07\/bon-100-600x400.jpg 600w, https:\/\/gdynia.thaimai.pl\/wp-content\/uploads\/2023\/07\/bon-100-800x534.jpg 800w, https:\/\/gdynia.thaimai.pl\/wp-content\/uploads\/2023\/07\/bon-100-1200x800.jpg 1200w, https:\/\/gdynia.thaimai.pl\/wp-content\/uploads\/2023\/07\/bon-100.jpg 1600w\" data-sizes=\"auto\" data-orig-sizes=\"(max-width: 1220px) 100vw, (max-width: 640px) 100vw, 600px\" \/><\/span><\/div><div class=\"fusion-text fusion-text-2\"><p>Wenn Sie sich beim Kauf Ihrer Geschenkeinladung nicht f\u00fcr eine bestimmte Massage entscheiden k\u00f6nnen, schlagen wir Ihnen vor, einen Geschenkgutschein f\u00fcr \u00a3100, \u00a3200 oder \u00a3300 zu kaufen. Die Person, die einen solchen Gutschein erh\u00e4lt, kann f\u00fcr den richtigen Betrag die perfekte Massage f\u00fcr sich selbst ausw\u00e4hlen.<\/p>\n<p>Die Gutscheine k\u00f6nnen in unserem Showroom oder \u00fcber unseren Online-Shop erworben werden. Die G\u00fcltigkeit des Gutscheins betr\u00e4gt 3 Monate ab dem Kaufdatum.<\/p>\n<\/div><div style=\"text-align:center;\"><a class=\"fusion-button button-flat button-large button-custom fusion-button-default button-2 fusion-button-default-span fusion-button-default-type\" style=\"--button_accent_color:#600b11;--button_accent_hover_color:var(--awb-color1);--button_border_hover_color:var(--awb-color1);--button_border_width-top:0;--button_border_width-right:0;--button_border_width-bottom:0;--button_border_width-left:0;--button-border-radius-top-left:10px;--button-border-radius-top-right:10px;--button-border-radius-bottom-right:10px;--button-border-radius-bottom-left:10px;--button_gradient_top_color:#f8dd97;--button_gradient_bottom_color:#f8dd97;--button_gradient_top_color_hover:#600b11;--button_gradient_bottom_color_hover:#600b11;--button_margin-bottom:20px;\" target=\"_self\" href=\"https:\/\/sklep.thaimai.pl\/produkty\/kategoria\/sklep-salon-sopot\"><i class=\"fa-shopping-basket fas button-icon-left\" aria-hidden=\"true\"><\/i><span class=\"fusion-button-text\">Einen Gutschein kaufen<\/span><\/a><\/div><\/div><\/div><div class=\"fusion-layout-column fusion_builder_column fusion-builder-column-4 fusion_builder_column_1_2 1_2 fusion-flex-column\" style=\"--awb-bg-size:cover;--awb-width-large:50%;--awb-margin-top-large:0px;--awb-spacing-right-large:3.84%;--awb-margin-bottom-large:20px;--awb-spacing-left-large:3.84%;--awb-width-medium:100%;--awb-order-medium:0;--awb-spacing-right-medium:1.92%;--awb-spacing-left-medium:1.92%;--awb-width-small:100%;--awb-order-small:0;--awb-spacing-right-small:1.92%;--awb-spacing-left-small:1.92%;\"><div class=\"fusion-column-wrapper fusion-column-has-shadow fusion-flex-justify-content-flex-start fusion-content-layout-column\"><div class=\"fusion-image-element fusion-no-small-visibility fusion-no-medium-visibility\" style=\"--awb-caption-title-font-family:var(--h2_typography-font-family);--awb-caption-title-font-weight:var(--h2_typography-font-weight);--awb-caption-title-font-style:var(--h2_typography-font-style);--awb-caption-title-size:var(--h2_typography-font-size);--awb-caption-title-transform:var(--h2_typography-text-transform);--awb-caption-title-line-height:var(--h2_typography-line-height);--awb-caption-title-letter-spacing:var(--h2_typography-letter-spacing);\"><span class=\" fusion-imageframe imageframe-dropshadow imageframe-4 hover-type-zoomin\" style=\"border-radius:15px;-webkit-box-shadow: 3px 3px 7px rgba(130,130,130,0.3);box-shadow: 3px 3px 7px rgba(130,130,130,0.3);\"><img decoding=\"async\" width=\"800\" height=\"534\" title=\"bon 100\" src=\"https:\/\/gdynia.thaimai.pl\/wp-content\/uploads\/2023\/07\/bon-100.jpg\" data-orig-src=\"https:\/\/gdynia.thaimai.pl\/wp-content\/uploads\/2023\/07\/bon-100-800x534.jpg\" alt class=\"lazyload img-responsive wp-image-4230\" srcset=\"data:image\/svg+xml,%3Csvg%20xmlns%3D%27http%3A%2F%2Fwww.w3.org%2F2000%2Fsvg%27%20width%3D%271600%27%20height%3D%271067%27%20viewBox%3D%270%200%201600%201067%27%3E%3Crect%20width%3D%271600%27%20height%3D%271067%27%20fill-opacity%3D%220%22%2F%3E%3C%2Fsvg%3E\" data-srcset=\"https:\/\/gdynia.thaimai.pl\/wp-content\/uploads\/2023\/07\/bon-100-200x133.jpg 200w, https:\/\/gdynia.thaimai.pl\/wp-content\/uploads\/2023\/07\/bon-100-400x267.jpg 400w, https:\/\/gdynia.thaimai.pl\/wp-content\/uploads\/2023\/07\/bon-100-600x400.jpg 600w, https:\/\/gdynia.thaimai.pl\/wp-content\/uploads\/2023\/07\/bon-100-800x534.jpg 800w, https:\/\/gdynia.thaimai.pl\/wp-content\/uploads\/2023\/07\/bon-100-1200x800.jpg 1200w, https:\/\/gdynia.thaimai.pl\/wp-content\/uploads\/2023\/07\/bon-100.jpg 1600w\" data-sizes=\"auto\" data-orig-sizes=\"(max-width: 1220px) 100vw, (max-width: 640px) 100vw, 600px\" \/><\/span><\/div><\/div><\/div><\/div><\/div><\/p>\n","protected":false},"excerpt":{"rendered":"","protected":false},"author":2,"featured_media":0,"parent":4595,"menu_order":0,"comment_status":"closed","ping_status":"closed","template":"","meta":{"footnotes":""},"class_list":["post-4605","page","type-page","status-publish","hentry"],"_links":{"self":[{"href":"https:\/\/gdynia.thaimai.pl\/de\/wp-json\/wp\/v2\/pages\/4605","targetHints":{"allow":["GET"]}}],"collection":[{"href":"https:\/\/gdynia.thaimai.pl\/de\/wp-json\/wp\/v2\/pages"}],"about":[{"href":"https:\/\/gdynia.thaimai.pl\/de\/wp-json\/wp\/v2\/types\/page"}],"author":[{"embeddable":true,"href":"https:\/\/gdynia.thaimai.pl\/de\/wp-json\/wp\/v2\/users\/2"}],"replies":[{"embeddable":true,"href":"https:\/\/gdynia.thaimai.pl\/de\/wp-json\/wp\/v2\/comments?post=4605"}],"version-history":[{"count":3,"href":"https:\/\/gdynia.thaimai.pl\/de\/wp-json\/wp\/v2\/pages\/4605\/revisions"}],"predecessor-version":[{"id":4608,"href":"https:\/\/gdynia.thaimai.pl\/de\/wp-json\/wp\/v2\/pages\/4605\/revisions\/4608"}],"up":[{"embeddable":true,"href":"https:\/\/gdynia.thaimai.pl\/de\/wp-json\/wp\/v2\/pages\/4595"}],"wp:attachment":[{"href":"https:\/\/gdynia.thaimai.pl\/de\/wp-json\/wp\/v2\/media?parent=4605"}],"curies":[{"name":"wp","href":"https:\/\/api.w.org\/{rel}","templated":true}]}}