{"id":4614,"date":"2023-04-24T12:54:34","date_gmt":"2023-04-24T10:54:34","guid":{"rendered":"https:\/\/gdynia.thaimai.pl\/sonderangebot\/thailaendische-abende\/"},"modified":"2024-01-25T13:38:57","modified_gmt":"2024-01-25T12:38:57","slug":"thailaendische-abende","status":"publish","type":"page","link":"https:\/\/gdynia.thaimai.pl\/de\/sonderangebot\/thailaendische-abende\/","title":{"rendered":"Thail\u00e4ndische Abende"},"content":{"rendered":"<p><div class=\"fusion-fullwidth fullwidth-box fusion-builder-row-1 fusion-flex-container has-pattern-background has-mask-background nonhundred-percent-fullwidth non-hundred-percent-height-scrolling\" style=\"--awb-border-radius-top-left:0px;--awb-border-radius-top-right:0px;--awb-border-radius-bottom-right:0px;--awb-border-radius-bottom-left:0px;--awb-flex-wrap:wrap;\" ><div class=\"fusion-builder-row fusion-row fusion-flex-align-items-flex-start fusion-flex-content-wrap\" style=\"max-width:1216.8px;margin-left: calc(-4% \/ 2 );margin-right: calc(-4% \/ 2 );\"><div class=\"fusion-layout-column fusion_builder_column fusion-builder-column-0 fusion_builder_column_1_1 1_1 fusion-flex-column\" style=\"--awb-bg-size:cover;--awb-width-large:100%;--awb-margin-top-large:0px;--awb-spacing-right-large:1.92%;--awb-margin-bottom-large:20px;--awb-spacing-left-large:1.92%;--awb-width-medium:100%;--awb-order-medium:0;--awb-spacing-right-medium:1.92%;--awb-spacing-left-medium:1.92%;--awb-width-small:100%;--awb-order-small:0;--awb-spacing-right-small:1.92%;--awb-spacing-left-small:1.92%;\"><div class=\"fusion-column-wrapper fusion-column-has-shadow fusion-flex-justify-content-flex-start fusion-content-layout-column\"><div class=\"fusion-title title fusion-title-1 fusion-title-text fusion-title-size-two\" style=\"--awb-text-color:var(--awb-color5);--awb-font-size:32px;\"><div class=\"title-sep-container title-sep-container-left fusion-no-large-visibility fusion-no-medium-visibility fusion-no-small-visibility\"><div class=\"title-sep sep- sep-solid\" style=\"border-color:hsla(var(--awb-color1-h),var(--awb-color1-s),var(--awb-color1-l),calc( var(--awb-color1-a) - 80% ));\"><\/div><\/div><span class=\"awb-title-spacer fusion-no-large-visibility fusion-no-medium-visibility fusion-no-small-visibility\"><\/span><h2 class=\"fusion-title-heading title-heading-left fusion-responsive-typography-calculated\" style=\"font-family:&quot;Cinzel&quot;;font-style:normal;font-weight:400;margin:0;font-size:1em;--fontSize:32;line-height:1.1;\">Massage f\u00fcr zwei<\/h2><span class=\"awb-title-spacer\"><\/span><div class=\"title-sep-container title-sep-container-right\"><div class=\"title-sep sep- sep-solid\" style=\"border-color:hsla(var(--awb-color1-h),var(--awb-color1-s),var(--awb-color1-l),calc( var(--awb-color1-a) - 80% ));\"><\/div><\/div><\/div><div class=\"fusion-text fusion-text-1\"><p style=\"text-align: justify;\">M\u00f6chten Sie eine sch\u00f6ne Zeit miteinander verbringen? Eine Massage f\u00fcr zwei ist die perfekte Idee f\u00fcr einen romantischen Abend. Zwei professionelle Masseurinnen, stimmungsvolle Musik, der Duft von Weihrauch, brennende Kerzen &#8211; all das entf\u00fchrt Sie schon am Eingang in eine andere Welt: die Welt des Thai Mai Orient. Sie lassen den Alltagsstress hinter sich und genie\u00dfen eine entspannende Massage und die Gesellschaft des anderen. Dieses Abenteuer wird Sie sicher noch n\u00e4her zusammenbringen.<\/p>\n<p>Der Abend beginnt mit einem thail\u00e4ndischen Fu\u00dfwaschungsritual in hei\u00dfem und duftendem Wasser. Sie werden dann in den Massageraum eingeladen, der Ihnen zur Verf\u00fcgung steht. Wenn Sie es w\u00fcnschen, k\u00f6nnen Sie die Vorh\u00e4nge, die die einzelnen Massagepl\u00e4tze voneinander trennen, \u00f6ffnen und die Massage zu einem gemeinsamen, romantischen Erlebnis machen.<\/p>\n<p>Nach der Massage haben Sie einen Moment Zeit f\u00fcr sich, in dem Sie mit einem Glas Wein oder Prosecco* verw\u00f6hnt werden. Zum Abschluss probieren Sie einen traditionellen thail\u00e4ndischen Matum-Tee, der aus der Frucht des Bael-Baums hergestellt wird und die Sinne beruhigt.<\/p>\n<p>* Wein\/Prosecco wird nur zum Vergn\u00fcgen angeboten, er steht nicht zum Verkauf.<\/p>\n<p>Das Ende der Sitzung ist f\u00fcr 22:00 Uhr vorgesehen.<\/p>\n<p>Die Massage kann zwischen 1 und 2 Stunden dauern. Jeder von Ihnen kann eine beliebige Massage aus unserem Angebot w\u00e4hlen, darunter. Klassische Thai-Massage, Massage mit hei\u00dfem Kokosnuss\u00f6l, balinesische Massage, Massage mit hei\u00dfen Kr\u00e4uterstempeln.<\/p>\n<p>Zu jeder der Massagen k\u00f6nnen Sie eine einzigartige halbst\u00fcndige Gesichtsmassage mit 24-kar\u00e4tigem Gold hinzuf\u00fcgen, die ein luxuri\u00f6ses Erlebnis ist und Sie noch mehr entspannen l\u00e4sst. Das bei der Massage verwendete 24-kar\u00e4tige Gold\u00f6l hat eine wunderbare Wirkung auf Ihre Haut &#8211; es spendet Feuchtigkeit, regeneriert sie und verbessert ihre Farbe.<\/p>\n<p>Wir bieten 2 Pakete an:<\/p>\n<p><strong>1. eine Massage f\u00fcr zwei Personen Paket 1<\/strong><\/p>\n<ul style=\"list-style-type: disc;\">\n<li>Ausgew\u00e4hlte 1- oder 2-st\u00fcndige Massagen,<\/li>\n<li>Halbst\u00fcndige Gesichtsmassage mit 24-kar\u00e4tigem Gold,<\/li>\n<li>Erfrischungen: Wein\/Prosecco.<\/li>\n<\/ul>\n<p><strong>2 Massage f\u00fcr zwei Personen Paket 2<\/strong><\/p>\n<ul style=\"list-style-type: disc;\">\n<li>Ausgew\u00e4hlte 1- oder 2-st\u00fcndige Massagen,<\/li>\n<li>Erfrischungen: Wein\/Prosecco.<\/li>\n<\/ul>\n<p>Der Preis wird individuell festgelegt und h\u00e4ngt von der Art der Massage und dem gew\u00e4hlten Paket ab. Sobald die Einzelheiten des Treffens vereinbart sind, erstellen wir ein auf Ihre Bed\u00fcrfnisse zugeschnittenes Angebot. Wir gehen individuell auf jeden Kunden ein, um Ihre Massage f\u00fcr Zwei einzigartig und unvergesslich zu machen.<\/p>\n<p>Wir freuen uns auf die Zusammenarbeit mit Ihnen!<\/p>\n<\/div><div class=\"fusion-separator fusion-has-icon fusion-full-width-sep\" style=\"align-self: center;margin-left: auto;margin-right: auto;margin-top:20px;margin-bottom:20px;width:100%;\"><div class=\"fusion-separator-border sep-single sep-solid\" style=\"--awb-height:20px;--awb-amount:20px;border-color:hsla(var(--awb-color1-h),var(--awb-color1-s),var(--awb-color1-l),calc( var(--awb-color1-a) - 80% ));border-top-width:1px;\"><\/div><span class=\"icon-wrapper\" style=\"border-color:hsla(var(--awb-color1-h),var(--awb-color1-s),var(--awb-color1-l),calc( var(--awb-color1-a) - 80% ));background-color:rgba(255,255,255,0);font-size:16px;width: 1.75em; height: 1.75em;border-width:1px;padding:1px;margin-top:-0.5px\"><i class=\"fa-fan fas\" style=\"font-size: inherit;color:hsla(var(--awb-color1-h),var(--awb-color1-s),var(--awb-color1-l),calc( var(--awb-color1-a) - 80% ));\" aria-hidden=\"true\"><\/i><\/span><div class=\"fusion-separator-border sep-single sep-solid\" style=\"--awb-height:20px;--awb-amount:20px;border-color:hsla(var(--awb-color1-h),var(--awb-color1-s),var(--awb-color1-l),calc( var(--awb-color1-a) - 80% ));border-top-width:1px;\"><\/div><\/div><\/div><\/div><\/div><\/div><div class=\"fusion-fullwidth fullwidth-box fusion-builder-row-2 fusion-flex-container has-pattern-background has-mask-background nonhundred-percent-fullwidth non-hundred-percent-height-scrolling\" style=\"--awb-border-radius-top-left:0px;--awb-border-radius-top-right:0px;--awb-border-radius-bottom-right:0px;--awb-border-radius-bottom-left:0px;--awb-flex-wrap:wrap;\" ><div class=\"fusion-builder-row fusion-row fusion-flex-align-items-flex-start fusion-flex-content-wrap\" style=\"max-width:1216.8px;margin-left: calc(-4% \/ 2 );margin-right: calc(-4% \/ 2 );\"><div class=\"fusion-layout-column fusion_builder_column fusion-builder-column-1 fusion_builder_column_1_1 1_1 fusion-flex-column\" style=\"--awb-bg-size:cover;--awb-width-large:100%;--awb-margin-top-large:0px;--awb-spacing-right-large:1.92%;--awb-margin-bottom-large:20px;--awb-spacing-left-large:1.92%;--awb-width-medium:100%;--awb-order-medium:0;--awb-spacing-right-medium:1.92%;--awb-spacing-left-medium:1.92%;--awb-width-small:100%;--awb-order-small:0;--awb-spacing-right-small:1.92%;--awb-spacing-left-small:1.92%;\"><div class=\"fusion-column-wrapper fusion-column-has-shadow fusion-flex-justify-content-flex-start fusion-content-layout-column\"><div class=\"fusion-title title fusion-title-2 fusion-title-text fusion-title-size-two\" style=\"--awb-text-color:var(--awb-color5);--awb-font-size:32px;\"><div class=\"title-sep-container title-sep-container-left fusion-no-large-visibility fusion-no-medium-visibility fusion-no-small-visibility\"><div class=\"title-sep sep- sep-solid\" style=\"border-color:hsla(var(--awb-color1-h),var(--awb-color1-s),var(--awb-color1-l),calc( var(--awb-color1-a) - 80% ));\"><\/div><\/div><span class=\"awb-title-spacer fusion-no-large-visibility fusion-no-medium-visibility fusion-no-small-visibility\"><\/span><h2 class=\"fusion-title-heading title-heading-left fusion-responsive-typography-calculated\" style=\"font-family:&quot;Cinzel&quot;;font-style:normal;font-weight:400;margin:0;font-size:1em;--fontSize:32;line-height:1.1;\">Thail\u00e4ndischer Mai-Abend<\/h2><span class=\"awb-title-spacer\"><\/span><div class=\"title-sep-container title-sep-container-right\"><div class=\"title-sep sep- sep-solid\" style=\"border-color:hsla(var(--awb-color1-h),var(--awb-color1-s),var(--awb-color1-l),calc( var(--awb-color1-a) - 80% ));\"><\/div><\/div><\/div><div class=\"fusion-text fusion-text-2\"><p>THAI MAI Thai Evening ist die perfekte Idee f\u00fcr Geburtstage, Namenstage, Jubil\u00e4en, ein Treffen mit Freunden, einen Junggesellenabschied oder einen Junggesellinnenabschied. Ein Abend im Thai Mai Salon kann auch als Teambuilding-Veranstaltung f\u00fcr Firmenmitarbeiter dienen. Wir freuen uns auf die Zusammenarbeit mit Ihnen.<\/p>\n<p>Sobald Sie die Schwelle des Salons \u00fcberschreiten, werden Sie sich in einer anderen Welt wiederfinden: Stimmungsvolle Musik, der Geruch von R\u00e4ucherst\u00e4bchen und brennenden Kerzen lassen Sie der Hektik und den Problemen des Alltags entfliehen. Sie werden den Alltagsstress hinter sich lassen und die Gesellschaft des anderen genie\u00dfen.<\/p>\n<p>Der Abend beginnt mit einem thail\u00e4ndischen Fu\u00dfwaschungsritual in hei\u00dfem und duftendem Wasser. Sie werden dann in den Massageraum eingeladen, der Ihnen zur Verf\u00fcgung steht. Wenn Sie m\u00f6chten, k\u00f6nnen Sie die Vorh\u00e4nge, die die Massagestationen voneinander trennen, \u00f6ffnen.<\/p>\n<p>Nach der Massage haben Sie einen Moment Zeit f\u00fcr sich, in dem Sie mit einem Glas Wein oder Prosecco* verw\u00f6hnt werden. Zum Abschluss probieren Sie einen traditionellen thail\u00e4ndischen Matum-Tee, der aus der Frucht des Bael-Baums hergestellt wird und die Sinne beruhigt.<\/p>\n<p>* Wein\/Prosecco wird nur zum Vergn\u00fcgen angeboten, er steht nicht zum Verkauf.<\/p>\n<p>Das Ende der Sitzung ist f\u00fcr 22:00 Uhr vorgesehen.<\/p>\n<p>Die Massage kann zwischen 1 und 2 Stunden dauern. Jeder von Ihnen kann eine beliebige Massage aus unserem Angebot w\u00e4hlen, darunter. Klassische Thai-Massage, Massage mit hei\u00dfem Kokosnuss\u00f6l, balinesische Massage, Massage mit hei\u00dfen Kr\u00e4uterstempeln.<\/p>\n<p>Zu jeder der Massagen k\u00f6nnen Sie eine einzigartige halbst\u00fcndige Gesichtsmassage mit 24-kar\u00e4tigem Gold hinzuf\u00fcgen, die ein luxuri\u00f6ses Erlebnis ist und Sie noch mehr entspannen l\u00e4sst. Das bei der Massage verwendete 24-kar\u00e4tige Gold\u00f6l hat eine wunderbare Wirkung auf Ihre Haut &#8211; es spendet Feuchtigkeit, regeneriert sie und verbessert ihre Farbe.<\/p>\n<p>Wir bieten 2 Pakete an:<\/p>\n<p><strong>1. thail\u00e4ndisches Abendpaket 1<\/strong><\/p>\n<ul style=\"list-style-type: disc;\">\n<li>Ausgew\u00e4hlte 1- oder 2-st\u00fcndige Massagen,<\/li>\n<li>Halbst\u00fcndige Gesichtsmassage mit 24-kar\u00e4tigem Gold,<\/li>\n<li>Erfrischungen: Wein\/Prosecco.<\/li>\n<\/ul>\n<p><strong>2. thail\u00e4ndisches Abendpaket 2<\/strong><\/p>\n<ul style=\"list-style-type: disc;\">\n<li>Ausgew\u00e4hlte 1- oder 2-st\u00fcndige Massagen,<\/li>\n<li>Erfrischungen: Wein\/Prosecco.<\/li>\n<\/ul>\n<p>Der Preis f\u00fcr einen Thai-Abend h\u00e4ngt vom gew\u00e4hlten Paket, der Anzahl der Teilnehmer und der Art der Massagen ab. W\u00e4hrend der Massagen und Erfrischungen haben Sie einen separaten Raum nur f\u00fcr Sie. F\u00fcr gr\u00f6\u00dfere Gruppen ist es m\u00f6glich, den gesamten Salon zu buchen. Sobald die Einzelheiten des Treffens vereinbart sind, erstellen wir ein auf Ihre Bed\u00fcrfnisse zugeschnittenes Angebot. Wir gehen individuell auf jeden Kunden ein, um Ihren THAI MAI Thai-Abend einzigartig und unvergesslich zu machen.<\/p>\n<p>Wir freuen uns auf die Zusammenarbeit mit Ihnen!<\/p>\n<\/div><\/div><\/div><\/div><\/div><\/p>\n","protected":false},"excerpt":{"rendered":"","protected":false},"author":2,"featured_media":0,"parent":4595,"menu_order":0,"comment_status":"closed","ping_status":"closed","template":"","meta":{"footnotes":""},"class_list":["post-4614","page","type-page","status-publish","hentry"],"_links":{"self":[{"href":"https:\/\/gdynia.thaimai.pl\/de\/wp-json\/wp\/v2\/pages\/4614","targetHints":{"allow":["GET"]}}],"collection":[{"href":"https:\/\/gdynia.thaimai.pl\/de\/wp-json\/wp\/v2\/pages"}],"about":[{"href":"https:\/\/gdynia.thaimai.pl\/de\/wp-json\/wp\/v2\/types\/page"}],"author":[{"embeddable":true,"href":"https:\/\/gdynia.thaimai.pl\/de\/wp-json\/wp\/v2\/users\/2"}],"replies":[{"embeddable":true,"href":"https:\/\/gdynia.thaimai.pl\/de\/wp-json\/wp\/v2\/comments?post=4614"}],"version-history":[{"count":2,"href":"https:\/\/gdynia.thaimai.pl\/de\/wp-json\/wp\/v2\/pages\/4614\/revisions"}],"predecessor-version":[{"id":4616,"href":"https:\/\/gdynia.thaimai.pl\/de\/wp-json\/wp\/v2\/pages\/4614\/revisions\/4616"}],"up":[{"embeddable":true,"href":"https:\/\/gdynia.thaimai.pl\/de\/wp-json\/wp\/v2\/pages\/4595"}],"wp:attachment":[{"href":"https:\/\/gdynia.thaimai.pl\/de\/wp-json\/wp\/v2\/media?parent=4614"}],"curies":[{"name":"wp","href":"https:\/\/api.w.org\/{rel}","templated":true}]}}