{"id":4630,"date":"2023-04-24T12:54:12","date_gmt":"2023-04-24T10:54:12","guid":{"rendered":"https:\/\/gdynia.thaimai.pl\/sonderangebot\/paesse\/"},"modified":"2024-01-25T15:03:07","modified_gmt":"2024-01-25T14:03:07","slug":"paesse","status":"publish","type":"page","link":"https:\/\/gdynia.thaimai.pl\/de\/sonderangebot\/paesse\/","title":{"rendered":"P\u00e4sse"},"content":{"rendered":"<div class=\"fusion-fullwidth fullwidth-box fusion-builder-row-1 fusion-flex-container has-pattern-background has-mask-background nonhundred-percent-fullwidth non-hundred-percent-height-scrolling\" style=\"--awb-border-radius-top-left:0px;--awb-border-radius-top-right:0px;--awb-border-radius-bottom-right:0px;--awb-border-radius-bottom-left:0px;--awb-flex-wrap:wrap;\" ><div class=\"fusion-builder-row fusion-row fusion-flex-align-items-flex-start fusion-flex-content-wrap\" style=\"max-width:1216.8px;margin-left: calc(-4% \/ 2 );margin-right: calc(-4% \/ 2 );\"><div class=\"fusion-layout-column fusion_builder_column fusion-builder-column-0 fusion_builder_column_1_2 1_2 fusion-flex-column\" style=\"--awb-bg-size:cover;--awb-width-large:50%;--awb-margin-top-large:0px;--awb-spacing-right-large:3.84%;--awb-margin-bottom-large:20px;--awb-spacing-left-large:3.84%;--awb-width-medium:100%;--awb-order-medium:0;--awb-spacing-right-medium:1.92%;--awb-spacing-left-medium:1.92%;--awb-width-small:100%;--awb-order-small:0;--awb-spacing-right-small:1.92%;--awb-spacing-left-small:1.92%;\"><div class=\"fusion-column-wrapper fusion-column-has-shadow fusion-flex-justify-content-flex-start fusion-content-layout-column\"><div class=\"fusion-image-element \" style=\"--awb-caption-title-font-family:var(--h2_typography-font-family);--awb-caption-title-font-weight:var(--h2_typography-font-weight);--awb-caption-title-font-style:var(--h2_typography-font-style);--awb-caption-title-size:var(--h2_typography-font-size);--awb-caption-title-transform:var(--h2_typography-text-transform);--awb-caption-title-line-height:var(--h2_typography-line-height);--awb-caption-title-letter-spacing:var(--h2_typography-letter-spacing);\"><span class=\" fusion-imageframe imageframe-none imageframe-1 hover-type-zoomin\" style=\"border-radius:15px;\"><img decoding=\"async\" width=\"800\" height=\"534\" title=\"1Y5A2196\" src=\"https:\/\/gdynia.thaimai.pl\/wp-content\/uploads\/2023\/07\/1Y5A2196.jpg\" data-orig-src=\"https:\/\/gdynia.thaimai.pl\/wp-content\/uploads\/2023\/07\/1Y5A2196-800x534.jpg\" alt class=\"lazyload img-responsive wp-image-4218\" srcset=\"data:image\/svg+xml,%3Csvg%20xmlns%3D%27http%3A%2F%2Fwww.w3.org%2F2000%2Fsvg%27%20width%3D%271600%27%20height%3D%271067%27%20viewBox%3D%270%200%201600%201067%27%3E%3Crect%20width%3D%271600%27%20height%3D%271067%27%20fill-opacity%3D%220%22%2F%3E%3C%2Fsvg%3E\" data-srcset=\"https:\/\/gdynia.thaimai.pl\/wp-content\/uploads\/2023\/07\/1Y5A2196-200x133.jpg 200w, https:\/\/gdynia.thaimai.pl\/wp-content\/uploads\/2023\/07\/1Y5A2196-400x267.jpg 400w, https:\/\/gdynia.thaimai.pl\/wp-content\/uploads\/2023\/07\/1Y5A2196-600x400.jpg 600w, https:\/\/gdynia.thaimai.pl\/wp-content\/uploads\/2023\/07\/1Y5A2196-800x534.jpg 800w, https:\/\/gdynia.thaimai.pl\/wp-content\/uploads\/2023\/07\/1Y5A2196-1200x800.jpg 1200w, https:\/\/gdynia.thaimai.pl\/wp-content\/uploads\/2023\/07\/1Y5A2196.jpg 1600w\" data-sizes=\"auto\" data-orig-sizes=\"(max-width: 1220px) 100vw, (max-width: 640px) 100vw, 600px\" \/><\/span><\/div><div class=\"fusion-separator fusion-full-width-sep\" style=\"align-self: center;margin-left: auto;margin-right: auto;margin-bottom:8px;width:100%;\"><div class=\"fusion-separator-border sep-single sep-solid\" style=\"--awb-height:20px;--awb-amount:20px;border-color:hsla(var(--awb-color1-h),var(--awb-color1-s),var(--awb-color1-l),calc( var(--awb-color1-a) - 80% ));border-top-width:2px;\"><\/div><\/div><\/div><\/div><div class=\"fusion-layout-column fusion_builder_column fusion-builder-column-1 fusion_builder_column_1_2 1_2 fusion-flex-column\" style=\"--awb-bg-size:cover;--awb-width-large:50%;--awb-margin-top-large:0px;--awb-spacing-right-large:3.84%;--awb-margin-bottom-large:20px;--awb-spacing-left-large:3.84%;--awb-width-medium:100%;--awb-order-medium:0;--awb-spacing-right-medium:1.92%;--awb-spacing-left-medium:1.92%;--awb-width-small:100%;--awb-order-small:0;--awb-spacing-right-small:1.92%;--awb-spacing-left-small:1.92%;\"><div class=\"fusion-column-wrapper fusion-column-has-shadow fusion-flex-justify-content-flex-start fusion-content-layout-column\"><div class=\"fusion-title title fusion-title-1 fusion-title-text fusion-title-size-two\" style=\"--awb-text-color:var(--awb-color5);--awb-font-size:24px;\"><div class=\"title-sep-container title-sep-container-left fusion-no-large-visibility fusion-no-medium-visibility fusion-no-small-visibility\"><div class=\"title-sep sep- sep-solid\" style=\"border-color:hsla(var(--awb-color1-h),var(--awb-color1-s),var(--awb-color1-l),calc( var(--awb-color1-a) - 80% ));\"><\/div><\/div><span class=\"awb-title-spacer fusion-no-large-visibility fusion-no-medium-visibility fusion-no-small-visibility\"><\/span><h2 class=\"fusion-title-heading title-heading-left fusion-responsive-typography-calculated\" style=\"font-family:&quot;Cinzel&quot;;font-style:normal;font-weight:400;margin:0;font-size:1em;--fontSize:24;line-height:1.1;\">Rabatt-P\u00e4sse<\/h2><span class=\"awb-title-spacer\"><\/span><div class=\"title-sep-container title-sep-container-right\"><div class=\"title-sep sep- sep-solid\" style=\"border-color:hsla(var(--awb-color1-h),var(--awb-color1-s),var(--awb-color1-l),calc( var(--awb-color1-a) - 80% ));\"><\/div><\/div><\/div><div class=\"fusion-separator fusion-full-width-sep\" style=\"align-self: center;margin-left: auto;margin-right: auto;margin-bottom:8px;width:100%;\"><div class=\"fusion-separator-border sep-single sep-solid\" style=\"--awb-height:20px;--awb-amount:20px;border-color:hsla(var(--awb-color1-h),var(--awb-color1-s),var(--awb-color1-l),calc( var(--awb-color1-a) - 80% ));border-top-width:2px;\"><\/div><\/div><div class=\"fusion-text fusion-text-1\"><p>Wir bieten auch erm\u00e4\u00dfigte P\u00e4sse in folgenden St\u00fcckelungen zum Verkauf an<br \/>\n300 PLN, 500 PLN und 1.000 PLN:<\/p>\n<ul style=\"list-style-type: disc;\">\n<li>Ein Pass im Wert von <strong>350 PLN<\/strong>\u00a0kostet <strong>300<\/strong> <strong>PLN<\/strong> <strong>(50 PLN GRATIS)<\/strong>,<\/li>\n<li>Ein Pass im Wert von <strong>600 PLN<\/strong>\u00a0kostet <strong>500 PLN (100 PLN GRATIS),<\/strong><\/li>\n<li>Ein Wertpass f\u00fcr 1 <strong>.200<\/strong> <strong>PLN<\/strong> kostet <strong>1000 PLN<\/strong> <strong>(200 PLN GRATIS).<\/strong><\/li>\n<\/ul>\n<p>* HINWEIS: Die P\u00e4sse sind ab dem Kaufdatum 3 Monate lang g\u00fcltig.<\/p>\n<\/div><div style=\"text-align:center;\"><a class=\"fusion-button button-flat button-large button-custom fusion-button-default button-1 fusion-button-default-span fusion-button-default-type\" style=\"--button_accent_color:#600b11;--button_accent_hover_color:var(--awb-color1);--button_border_hover_color:var(--awb-color1);--button_border_width-top:0;--button_border_width-right:0;--button_border_width-bottom:0;--button_border_width-left:0;--button-border-radius-top-left:10px;--button-border-radius-top-right:10px;--button-border-radius-bottom-right:10px;--button-border-radius-bottom-left:10px;--button_gradient_top_color:#f8dd97;--button_gradient_bottom_color:#f8dd97;--button_gradient_top_color_hover:#600b11;--button_gradient_bottom_color_hover:#600b11;--button_margin-bottom:20px;\" target=\"_self\" href=\"https:\/\/sklep.thaimai.pl\/produkty\/kategoria\/sklep-salon-sopot\"><i class=\"fa-shopping-basket fas button-icon-left\" aria-hidden=\"true\"><\/i><span class=\"fusion-button-text\">Kaufen Sie einen Pass<\/span><\/a><\/div><\/div><\/div><\/div><\/div>\n","protected":false},"excerpt":{"rendered":"","protected":false},"author":2,"featured_media":0,"parent":4595,"menu_order":0,"comment_status":"closed","ping_status":"closed","template":"","meta":{"footnotes":""},"class_list":["post-4630","page","type-page","status-publish","hentry"],"_links":{"self":[{"href":"https:\/\/gdynia.thaimai.pl\/de\/wp-json\/wp\/v2\/pages\/4630","targetHints":{"allow":["GET"]}}],"collection":[{"href":"https:\/\/gdynia.thaimai.pl\/de\/wp-json\/wp\/v2\/pages"}],"about":[{"href":"https:\/\/gdynia.thaimai.pl\/de\/wp-json\/wp\/v2\/types\/page"}],"author":[{"embeddable":true,"href":"https:\/\/gdynia.thaimai.pl\/de\/wp-json\/wp\/v2\/users\/2"}],"replies":[{"embeddable":true,"href":"https:\/\/gdynia.thaimai.pl\/de\/wp-json\/wp\/v2\/comments?post=4630"}],"version-history":[{"count":5,"href":"https:\/\/gdynia.thaimai.pl\/de\/wp-json\/wp\/v2\/pages\/4630\/revisions"}],"predecessor-version":[{"id":4643,"href":"https:\/\/gdynia.thaimai.pl\/de\/wp-json\/wp\/v2\/pages\/4630\/revisions\/4643"}],"up":[{"embeddable":true,"href":"https:\/\/gdynia.thaimai.pl\/de\/wp-json\/wp\/v2\/pages\/4595"}],"wp:attachment":[{"href":"https:\/\/gdynia.thaimai.pl\/de\/wp-json\/wp\/v2\/media?parent=4630"}],"curies":[{"name":"wp","href":"https:\/\/api.w.org\/{rel}","templated":true}]}}