{"id":4680,"date":"2023-04-24T13:25:18","date_gmt":"2023-04-24T11:25:18","guid":{"rendered":"https:\/\/gdynia.thaimai.pl\/fuer-unternehmen\/externe-veranstaltungen-zur-teambildung\/"},"modified":"2024-01-25T18:45:17","modified_gmt":"2024-01-25T17:45:17","slug":"externe-veranstaltungen-zur-teambildung","status":"publish","type":"page","link":"https:\/\/gdynia.thaimai.pl\/de\/fuer-unternehmen\/externe-veranstaltungen-zur-teambildung\/","title":{"rendered":"Externe Veranstaltungen zur Teambildung"},"content":{"rendered":"<div class=\"fusion-fullwidth fullwidth-box fusion-builder-row-1 fusion-flex-container has-pattern-background has-mask-background nonhundred-percent-fullwidth non-hundred-percent-height-scrolling\" style=\"--awb-border-radius-top-left:0px;--awb-border-radius-top-right:0px;--awb-border-radius-bottom-right:0px;--awb-border-radius-bottom-left:0px;--awb-flex-wrap:wrap;\" ><div class=\"fusion-builder-row fusion-row fusion-flex-align-items-flex-start fusion-flex-content-wrap\" style=\"max-width:1216.8px;margin-left: calc(-4% \/ 2 );margin-right: calc(-4% \/ 2 );\"><div class=\"fusion-layout-column fusion_builder_column fusion-builder-column-0 fusion_builder_column_1_1 1_1 fusion-flex-column\" style=\"--awb-bg-size:cover;--awb-width-large:100%;--awb-margin-top-large:0px;--awb-spacing-right-large:1.92%;--awb-margin-bottom-large:20px;--awb-spacing-left-large:1.92%;--awb-width-medium:100%;--awb-order-medium:0;--awb-spacing-right-medium:1.92%;--awb-spacing-left-medium:1.92%;--awb-width-small:100%;--awb-order-small:0;--awb-spacing-right-small:1.92%;--awb-spacing-left-small:1.92%;\"><div class=\"fusion-column-wrapper fusion-column-has-shadow fusion-flex-justify-content-flex-start fusion-content-layout-column\"><div class=\"fusion-text fusion-text-1\"><p>Wenn Sie auf der Suche nach einer Idee f\u00fcr einen besonderen Teambuilding-Abend f\u00fcr Ihre Mitarbeiter, eine Weihnachtsfeier oder ein Firmenjubil\u00e4um sind, ist der Thai Mai Thai-Massagesalon die perfekte L\u00f6sung. Die gemeinsame Zeit in unserem Ausstellungsraum ist eine gro\u00dfartige M\u00f6glichkeit, die Beziehungen zwischen Mitarbeitern, Kollegen und Management aufzubauen und zu verbessern. Orientalisches Dekor, stimmungsvolle Musik, der Geruch von Weihrauch und brennenden Kerzen erm\u00f6glichen es Ihnen, der Hektik des Alltags zu entfliehen und eine angenehme Zeit im Zentrum von Sopot zu verbringen.<\/p>\n<p>Die aus Thailand stammenden professionellen Masseurinnen werden Ihnen helfen, sich zu entspannen, und der gemeinsame Moment nach der Massage bei einem Glas Wein wird eine gute Gelegenheit sein, sich zu unterhalten und besser kennenzulernen.<\/p>\n<p>Die Veranstaltung beginnt mit einem thail\u00e4ndischen Fu\u00dfwaschungsritual in hei\u00dfem und duftendem Wasser. Anschlie\u00dfend werden Sie in die Massager\u00e4ume gebeten, die nur f\u00fcr Sie zug\u00e4nglich sind.<\/p>\n<p>Die Massage kann zwischen 1 und 2 Stunden dauern. Jeder von Ihnen kann eine beliebige Massage aus unserem Angebot w\u00e4hlen, darunter. Klassische Thai-Massage, Massage mit hei\u00dfem Kokosnuss\u00f6l, balinesische Massage, Massage mit hei\u00dfen Kr\u00e4uterstempeln.<\/p>\n<p>Zu jeder der Massagen k\u00f6nnen Sie eine einzigartige halbst\u00fcndige Gesichtsmassage mit 24-kar\u00e4tigem Gold hinzuf\u00fcgen, die ein luxuri\u00f6ses Erlebnis ist und Sie noch mehr entspannen l\u00e4sst. Das bei der Massage verwendete 24-kar\u00e4tige Gold\u00f6l hat eine wunderbare Wirkung auf Ihre Haut - es spendet Feuchtigkeit, regeneriert sie und verbessert ihre Farbe.<\/p>\n<p>Nach der Massage verw\u00f6hnen wir Sie mit Wein oder Prosecco*. Zum Abschluss probieren Sie einen traditionellen thail\u00e4ndischen Matum-Tee, der aus der Frucht des Bael-Baums hergestellt wird und die Sinne beruhigt.<\/p>\n<p>* Wein\/Prosecco wird nur zum Vergn\u00fcgen angeboten, er steht nicht zum Verkauf.<\/p>\n<p>Der Preis f\u00fcr das Outdoor Social Event wird individuell festgelegt und h\u00e4ngt von der Anzahl der Teilnehmer und der Art der Massagen ab. Mindestteilnehmerzahl - 4 Personen. F\u00fcr die Massagen stehen Ihnen separate R\u00e4ume zur Verf\u00fcgung. F\u00fcr gr\u00f6\u00dfere Gruppen ist es m\u00f6glich, den gesamten Salon zu buchen. F\u00fcr Buchungen kontaktieren Sie uns bitte per E-Mail oder Telefon. Sobald die Einzelheiten des Treffens vereinbart sind, erstellen wir ein auf Ihre Bed\u00fcrfnisse zugeschnittenes Angebot. Wir gehen individuell auf jeden Kunden ein, um Ihr Integrationsevent bei Thai Mai einzigartig und unvergesslich f\u00fcr Sie zu machen. Wir freuen uns auf die Zusammenarbeit mit Ihnen!<\/p>\n<\/div><\/div><\/div><\/div><\/div>\n","protected":false},"excerpt":{"rendered":"","protected":false},"author":2,"featured_media":0,"parent":4649,"menu_order":0,"comment_status":"closed","ping_status":"closed","template":"","meta":{"footnotes":""},"class_list":["post-4680","page","type-page","status-publish","hentry"],"_links":{"self":[{"href":"https:\/\/gdynia.thaimai.pl\/de\/wp-json\/wp\/v2\/pages\/4680","targetHints":{"allow":["GET"]}}],"collection":[{"href":"https:\/\/gdynia.thaimai.pl\/de\/wp-json\/wp\/v2\/pages"}],"about":[{"href":"https:\/\/gdynia.thaimai.pl\/de\/wp-json\/wp\/v2\/types\/page"}],"author":[{"embeddable":true,"href":"https:\/\/gdynia.thaimai.pl\/de\/wp-json\/wp\/v2\/users\/2"}],"replies":[{"embeddable":true,"href":"https:\/\/gdynia.thaimai.pl\/de\/wp-json\/wp\/v2\/comments?post=4680"}],"version-history":[{"count":6,"href":"https:\/\/gdynia.thaimai.pl\/de\/wp-json\/wp\/v2\/pages\/4680\/revisions"}],"predecessor-version":[{"id":4686,"href":"https:\/\/gdynia.thaimai.pl\/de\/wp-json\/wp\/v2\/pages\/4680\/revisions\/4686"}],"up":[{"embeddable":true,"href":"https:\/\/gdynia.thaimai.pl\/de\/wp-json\/wp\/v2\/pages\/4649"}],"wp:attachment":[{"href":"https:\/\/gdynia.thaimai.pl\/de\/wp-json\/wp\/v2\/media?parent=4680"}],"curies":[{"name":"wp","href":"https:\/\/api.w.org\/{rel}","templated":true}]}}