{"id":4805,"date":"2023-07-28T14:07:26","date_gmt":"2023-07-28T12:07:26","guid":{"rendered":"https:\/\/gdynia.thaimai.pl\/ueber-massage\/"},"modified":"2024-01-26T12:03:22","modified_gmt":"2024-01-26T11:03:22","slug":"ueber-massage","status":"publish","type":"page","link":"https:\/\/gdynia.thaimai.pl\/de\/ueber-massage\/","title":{"rendered":"\u00dcber Massage"},"content":{"rendered":"<div class=\"fusion-fullwidth fullwidth-box fusion-builder-row-1 fusion-flex-container has-pattern-background has-mask-background nonhundred-percent-fullwidth non-hundred-percent-height-scrolling\" style=\"--awb-border-radius-top-left:0px;--awb-border-radius-top-right:0px;--awb-border-radius-bottom-right:0px;--awb-border-radius-bottom-left:0px;--awb-flex-wrap:wrap;\" ><div class=\"fusion-builder-row fusion-row fusion-flex-align-items-flex-start fusion-flex-content-wrap\" style=\"max-width:1216.8px;margin-left: calc(-4% \/ 2 );margin-right: calc(-4% \/ 2 );\"><div class=\"fusion-layout-column fusion_builder_column fusion-builder-column-0 fusion_builder_column_1_2 1_2 fusion-flex-column\" style=\"--awb-bg-size:cover;--awb-width-large:50%;--awb-margin-top-large:0px;--awb-spacing-right-large:3.84%;--awb-margin-bottom-large:20px;--awb-spacing-left-large:3.84%;--awb-width-medium:100%;--awb-order-medium:0;--awb-spacing-right-medium:1.92%;--awb-spacing-left-medium:1.92%;--awb-width-small:100%;--awb-order-small:0;--awb-spacing-right-small:1.92%;--awb-spacing-left-small:1.92%;\"><div class=\"fusion-column-wrapper fusion-column-has-shadow fusion-flex-justify-content-flex-start fusion-content-layout-column\"><div class=\"fusion-image-element \" style=\"--awb-caption-title-font-family:var(--h2_typography-font-family);--awb-caption-title-font-weight:var(--h2_typography-font-weight);--awb-caption-title-font-style:var(--h2_typography-font-style);--awb-caption-title-size:var(--h2_typography-font-size);--awb-caption-title-transform:var(--h2_typography-text-transform);--awb-caption-title-line-height:var(--h2_typography-line-height);--awb-caption-title-letter-spacing:var(--h2_typography-letter-spacing);\"><span class=\" fusion-imageframe imageframe-dropshadow imageframe-1 hover-type-zoomin\" style=\"border-radius:15px;-webkit-box-shadow: 5px 5px 9px rgba(112,112,112,0.3);box-shadow: 5px 5px 9px rgba(112,112,112,0.3);\"><img decoding=\"async\" width=\"600\" height=\"400\" title=\"10\" src=\"https:\/\/gdynia.thaimai.pl\/wp-content\/uploads\/2023\/07\/10-1.jpg\" data-orig-src=\"https:\/\/gdynia.thaimai.pl\/wp-content\/uploads\/2023\/07\/10-1-600x400.jpg\" alt class=\"lazyload img-responsive wp-image-4360\" srcset=\"data:image\/svg+xml,%3Csvg%20xmlns%3D%27http%3A%2F%2Fwww.w3.org%2F2000%2Fsvg%27%20width%3D%271920%27%20height%3D%271280%27%20viewBox%3D%270%200%201920%201280%27%3E%3Crect%20width%3D%271920%27%20height%3D%271280%27%20fill-opacity%3D%220%22%2F%3E%3C%2Fsvg%3E\" data-srcset=\"https:\/\/gdynia.thaimai.pl\/wp-content\/uploads\/2023\/07\/10-1-200x133.jpg 200w, https:\/\/gdynia.thaimai.pl\/wp-content\/uploads\/2023\/07\/10-1-400x267.jpg 400w, https:\/\/gdynia.thaimai.pl\/wp-content\/uploads\/2023\/07\/10-1-600x400.jpg 600w, https:\/\/gdynia.thaimai.pl\/wp-content\/uploads\/2023\/07\/10-1-800x533.jpg 800w, https:\/\/gdynia.thaimai.pl\/wp-content\/uploads\/2023\/07\/10-1-1200x800.jpg 1200w, https:\/\/gdynia.thaimai.pl\/wp-content\/uploads\/2023\/07\/10-1.jpg 1920w\" data-sizes=\"auto\" data-orig-sizes=\"(max-width: 1220px) 100vw, (max-width: 640px) 100vw, 600px\" \/><\/span><\/div><\/div><\/div><div class=\"fusion-layout-column fusion_builder_column fusion-builder-column-1 fusion_builder_column_1_2 1_2 fusion-flex-column\" style=\"--awb-bg-size:cover;--awb-width-large:50%;--awb-margin-top-large:0px;--awb-spacing-right-large:3.84%;--awb-margin-bottom-large:20px;--awb-spacing-left-large:3.84%;--awb-width-medium:100%;--awb-order-medium:0;--awb-spacing-right-medium:1.92%;--awb-spacing-left-medium:1.92%;--awb-width-small:100%;--awb-order-small:0;--awb-spacing-right-small:1.92%;--awb-spacing-left-small:1.92%;\"><div class=\"fusion-column-wrapper fusion-column-has-shadow fusion-flex-justify-content-flex-start fusion-content-layout-column\"><div class=\"fusion-text fusion-text-1\"><p>Die Thaimassage ist eine eher ungew\u00f6hnliche Massage, die eine Reihe von Techniken kombiniert. In dieser Massage finden sich Elemente der Akupressur, des passiven Yoga, der Reflexzonenmassage und des Stretchings. Es handelt sich um eine Tiefenmassage, d. h. um eine Massage, die die tiefen Schichten der Muskeln erreicht.<\/p>\n<p>Der Erfinder der Thai-Massage &#8211; Shivago Komarpaj &#8211; war der Legende nach 500 v. Chr. der Leibarzt von Buddha. Die Geschichte der Thai-Massage ist jedoch nicht so einfach, da sie, wie die thail\u00e4ndische Medizin, Einfl\u00fcsse aus China, Indien und anderen asiatischen L\u00e4ndern aufweist.<\/p>\n<p>Bei einer Massage nutzt der Masseur das Wissen um die Energielinien, die den K\u00f6rper durchziehen. Die Massage genau dieser Punkte stellt den Blutkreislauf und die Herzfunktion wieder her.<\/p>\n<\/div><div style=\"text-align:center;\"><a class=\"fusion-button button-flat button-large button-custom fusion-button-default button-1 fusion-button-default-span fusion-button-default-type\" style=\"--button_accent_color:#600b11;--button_accent_hover_color:var(--awb-color1);--button_border_hover_color:var(--awb-color1);--button_border_width-top:0;--button_border_width-right:0;--button_border_width-bottom:0;--button_border_width-left:0;--button-border-radius-top-left:10px;--button-border-radius-top-right:10px;--button-border-radius-bottom-right:10px;--button-border-radius-bottom-left:10px;--button_gradient_top_color:#f8dd97;--button_gradient_bottom_color:#f8dd97;--button_gradient_top_color_hover:#600b11;--button_gradient_bottom_color_hover:#600b11;--button_margin-bottom:20px;\" target=\"_self\" href=\"https:\/\/gdynia.thaimai.pl\/de\/massagen\/\"><i class=\"fa-eye fas button-icon-left\" aria-hidden=\"true\"><\/i><span class=\"fusion-button-text\">Unsere Massagen abdecken<\/span><\/a><\/div><\/div><\/div><\/div><\/div>\n","protected":false},"excerpt":{"rendered":"","protected":false},"author":1,"featured_media":0,"parent":0,"menu_order":0,"comment_status":"closed","ping_status":"closed","template":"","meta":{"footnotes":""},"class_list":["post-4805","page","type-page","status-publish","hentry"],"_links":{"self":[{"href":"https:\/\/gdynia.thaimai.pl\/de\/wp-json\/wp\/v2\/pages\/4805","targetHints":{"allow":["GET"]}}],"collection":[{"href":"https:\/\/gdynia.thaimai.pl\/de\/wp-json\/wp\/v2\/pages"}],"about":[{"href":"https:\/\/gdynia.thaimai.pl\/de\/wp-json\/wp\/v2\/types\/page"}],"author":[{"embeddable":true,"href":"https:\/\/gdynia.thaimai.pl\/de\/wp-json\/wp\/v2\/users\/1"}],"replies":[{"embeddable":true,"href":"https:\/\/gdynia.thaimai.pl\/de\/wp-json\/wp\/v2\/comments?post=4805"}],"version-history":[{"count":7,"href":"https:\/\/gdynia.thaimai.pl\/de\/wp-json\/wp\/v2\/pages\/4805\/revisions"}],"predecessor-version":[{"id":4812,"href":"https:\/\/gdynia.thaimai.pl\/de\/wp-json\/wp\/v2\/pages\/4805\/revisions\/4812"}],"wp:attachment":[{"href":"https:\/\/gdynia.thaimai.pl\/de\/wp-json\/wp\/v2\/media?parent=4805"}],"curies":[{"name":"wp","href":"https:\/\/api.w.org\/{rel}","templated":true}]}}