{"id":4510,"date":"2023-04-19T13:48:09","date_gmt":"2023-04-19T11:48:09","guid":{"rendered":"https:\/\/gdynia.thaimai.pl\/produkt\/tajski-masaz-stop-i-nog\/"},"modified":"2024-05-25T15:58:51","modified_gmt":"2024-05-25T13:58:51","slug":"thailaendische-fuss-und-beinmassage","status":"publish","type":"product","link":"https:\/\/gdynia.thaimai.pl\/de\/produkt\/thailaendische-fuss-und-beinmassage\/","title":{"rendered":"Thail\u00e4ndische Fu\u00df und Beinmassage"},"content":{"rendered":"<p>Massage mit Akupressurelementen, bei der neben den F\u00fc\u00dfen auch Kn\u00f6chel, Waden, Oberschenkel und Zehen massiert werden. Ideal, um den Energiefluss zwischen den Energiekan\u00e4len der F\u00fc\u00dfe und denen des K\u00f6rpers zu aktivieren. Wenn Sie das Gef\u00fchl haben, m\u00fcde Beine zu haben, ist dies die perfekte Massage f\u00fcr Sie! Es hilft, verspannte Muskeln zu lockern, hat eine positive Wirkung und ist unglaublich entspannend nach einem langen Tag! Es wird f\u00fcr Menschen mit einer sitzenden Lebensweise sowie f\u00fcr alle empfohlen, die den gr\u00f6\u00dften Teil des Tages im Stehen oder Gehen verbringen.<\/p>\n","protected":false},"excerpt":{"rendered":"<p>Die traditionelle Thai-Massage basiert auf den Grunds\u00e4tzen der Reflexologie, einer ganzheitlichen Drucktechnik, die auf den ganzen K\u00f6rper wirkt. Sie bietet eine Kombination aus Fu\u00df-, Waden- und Oberschenkelmassage, die deren Funktion unterst\u00fctzt und die Fl\u00fcssigkeitszirkulation im K\u00f6rper verbessert.<\/p>\n","protected":false},"featured_media":4384,"template":"","meta":[],"product_cat":[71],"product_tag":[],"class_list":{"0":"post-4510","1":"product","2":"type-product","3":"status-publish","4":"has-post-thumbnail","6":"product_cat-masaze-de","8":"first","9":"instock","10":"shipping-taxable","11":"purchasable","12":"product-type-simple"},"_links":{"self":[{"href":"https:\/\/gdynia.thaimai.pl\/de\/wp-json\/wp\/v2\/product\/4510","targetHints":{"allow":["GET"]}}],"collection":[{"href":"https:\/\/gdynia.thaimai.pl\/de\/wp-json\/wp\/v2\/product"}],"about":[{"href":"https:\/\/gdynia.thaimai.pl\/de\/wp-json\/wp\/v2\/types\/product"}],"wp:featuredmedia":[{"embeddable":true,"href":"https:\/\/gdynia.thaimai.pl\/de\/wp-json\/wp\/v2\/media\/4384"}],"wp:attachment":[{"href":"https:\/\/gdynia.thaimai.pl\/de\/wp-json\/wp\/v2\/media?parent=4510"}],"wp:term":[{"taxonomy":"product_cat","embeddable":true,"href":"https:\/\/gdynia.thaimai.pl\/de\/wp-json\/wp\/v2\/product_cat?post=4510"},{"taxonomy":"product_tag","embeddable":true,"href":"https:\/\/gdynia.thaimai.pl\/de\/wp-json\/wp\/v2\/product_tag?post=4510"}],"curies":[{"name":"wp","href":"https:\/\/api.w.org\/{rel}","templated":true}]}}