{"id":4515,"date":"2023-04-20T15:02:13","date_gmt":"2023-04-20T13:02:13","guid":{"rendered":"https:\/\/gdynia.thaimai.pl\/produkt\/tajski-masaz-plecow\/"},"modified":"2024-05-25T15:58:52","modified_gmt":"2024-05-25T13:58:52","slug":"thailaendische-rueckenmassage","status":"publish","type":"product","link":"https:\/\/gdynia.thaimai.pl\/de\/produkt\/thailaendische-rueckenmassage\/","title":{"rendered":"Thail\u00e4ndische R\u00fcckenmassage"},"content":{"rendered":"<p>Diese Massage wird f\u00fcr Menschen empfohlen, die regelm\u00e4\u00dfig \u00fcber R\u00fcckenschmerzen, Migr\u00e4ne und einen stressigen Lebensstil klagen. Der Masseur konzentriert sich auf die Massage des R\u00fcckens, der Schultern, des Nackens und des Kopfes, um die entstandenen Verspannungen zu l\u00f6sen. Dank spezieller Kr\u00e4utersalben verl\u00e4uft der Heilungsprozess viel schneller, und die ersten Effekte der Besserung sind unmittelbar nach der Massage zu sp\u00fcren.<\/p>\n","protected":false},"excerpt":{"rendered":"<p>Eine Art der traditionellen Thai-Massage, die sich nur auf den Oberk\u00f6rper konzentriert, d. h. auf R\u00fccken, Schultern und Kopf. Menthol- und Kampfer-Salben, die bei der Massage verwendet werden, helfen, R\u00fcckenschmerzen zu lindern und zu entspannen.<\/p>\n","protected":false},"featured_media":4894,"template":"","meta":[],"product_cat":[71],"product_tag":[],"class_list":{"0":"post-4515","1":"product","2":"type-product","3":"status-publish","4":"has-post-thumbnail","6":"product_cat-masaze-de","8":"first","9":"instock","10":"shipping-taxable","11":"purchasable","12":"product-type-simple"},"_links":{"self":[{"href":"https:\/\/gdynia.thaimai.pl\/de\/wp-json\/wp\/v2\/product\/4515","targetHints":{"allow":["GET"]}}],"collection":[{"href":"https:\/\/gdynia.thaimai.pl\/de\/wp-json\/wp\/v2\/product"}],"about":[{"href":"https:\/\/gdynia.thaimai.pl\/de\/wp-json\/wp\/v2\/types\/product"}],"wp:featuredmedia":[{"embeddable":true,"href":"https:\/\/gdynia.thaimai.pl\/de\/wp-json\/wp\/v2\/media\/4894"}],"wp:attachment":[{"href":"https:\/\/gdynia.thaimai.pl\/de\/wp-json\/wp\/v2\/media?parent=4515"}],"wp:term":[{"taxonomy":"product_cat","embeddable":true,"href":"https:\/\/gdynia.thaimai.pl\/de\/wp-json\/wp\/v2\/product_cat?post=4515"},{"taxonomy":"product_tag","embeddable":true,"href":"https:\/\/gdynia.thaimai.pl\/de\/wp-json\/wp\/v2\/product_tag?post=4515"}],"curies":[{"name":"wp","href":"https:\/\/api.w.org\/{rel}","templated":true}]}}