{"id":4516,"date":"2023-04-21T10:51:51","date_gmt":"2023-04-21T08:51:51","guid":{"rendered":"https:\/\/gdynia.thaimai.pl\/produkt\/tajski-masaz-olejkiem-aromatycznym\/"},"modified":"2024-05-25T15:58:54","modified_gmt":"2024-05-25T13:58:54","slug":"aromatische-thai-oel-massage","status":"publish","type":"product","link":"https:\/\/gdynia.thaimai.pl\/de\/produkt\/aromatische-thai-oel-massage\/","title":{"rendered":"Aromatische Thai-\u00d6l-Massage"},"content":{"rendered":"<p>Es handelt sich um eine einzigartige entspannende und erholsame Behandlung. Eine Technik mit langen, streichenden Bewegungen wird eingesetzt, um die negativen Auswirkungen von Stresssituationen zu entsch\u00e4rfen und die Nerven zu beruhigen. Sanfte Musik f\u00f6rdert eine entspannende und beruhigende Wirkung. W\u00e4hrend der Massage wird das Aroma\u00f6l systematisch und gr\u00fcndlich in die Haut einmassiert, die dadurch samtig und glatt wird. Nach einer solchen Behandlung ist der K\u00f6rper erw\u00e4rmt und entspannt.<\/p>\n","protected":false},"excerpt":{"rendered":"<p>Die thail\u00e4ndische Aroma\u00f6lmassage ist eine therapeutische Behandlung, die sich auf die Beruhigung der Nerven, die Unterst\u00fctzung des Immunsystems und die Harmonisierung von K\u00f6rper und Geist konzentriert. Beseitigt Schmerzen im Nacken und in den Schultern.<\/p>\n","protected":false},"featured_media":4402,"template":"","meta":[],"product_cat":[71],"product_tag":[],"class_list":{"0":"post-4516","1":"product","2":"type-product","3":"status-publish","4":"has-post-thumbnail","6":"product_cat-masaze-de","8":"first","9":"instock","10":"shipping-taxable","11":"purchasable","12":"product-type-simple"},"_links":{"self":[{"href":"https:\/\/gdynia.thaimai.pl\/de\/wp-json\/wp\/v2\/product\/4516","targetHints":{"allow":["GET"]}}],"collection":[{"href":"https:\/\/gdynia.thaimai.pl\/de\/wp-json\/wp\/v2\/product"}],"about":[{"href":"https:\/\/gdynia.thaimai.pl\/de\/wp-json\/wp\/v2\/types\/product"}],"wp:featuredmedia":[{"embeddable":true,"href":"https:\/\/gdynia.thaimai.pl\/de\/wp-json\/wp\/v2\/media\/4402"}],"wp:attachment":[{"href":"https:\/\/gdynia.thaimai.pl\/de\/wp-json\/wp\/v2\/media?parent=4516"}],"wp:term":[{"taxonomy":"product_cat","embeddable":true,"href":"https:\/\/gdynia.thaimai.pl\/de\/wp-json\/wp\/v2\/product_cat?post=4516"},{"taxonomy":"product_tag","embeddable":true,"href":"https:\/\/gdynia.thaimai.pl\/de\/wp-json\/wp\/v2\/product_tag?post=4516"}],"curies":[{"name":"wp","href":"https:\/\/api.w.org\/{rel}","templated":true}]}}