{"id":4538,"date":"2023-04-21T10:57:53","date_gmt":"2023-04-21T08:57:53","guid":{"rendered":"https:\/\/gdynia.thaimai.pl\/produkt\/tajski-masaz-klasyczny\/"},"modified":"2024-05-25T15:58:55","modified_gmt":"2024-05-25T13:58:55","slug":"klassische-thai-massage","status":"publish","type":"product","link":"https:\/\/gdynia.thaimai.pl\/de\/produkt\/klassische-thai-massage\/","title":{"rendered":"Klassische Thai-Massage"},"content":{"rendered":"<p>Es ist eine kraftvollere Massage als die \u00d6lversionen, die gemeinhin als Yoga f\u00fcr Faule bekannt sind. W\u00e4hrend der Massage wird eine Reihe von Positionen eingenommen, die spezifisch f\u00fcr Yoga sind.<\/p>\n<p>Nach regelm\u00e4\u00dfiger Teilnahme an einer klassischen Thaimassage stellt man eine deutliche Verbesserung der k\u00f6rperlichen und geistigen Verfassung fest.<\/p>\n<p>Vorteile der Thaimassage: wirkt sich positiv auf den Blut- und Lymphkreislauf aus, tr\u00e4gt zur Versorgung der Zellen mit N\u00e4hrstoffen bei, wirkt auf die gesamte Physis des K\u00f6rpers, gibt Energie, verbessert die Funktion des Immunsystems, erh\u00e4lt und verbessert die Flexibilit\u00e4t von Muskeln, Gelenken, Sehnen und B\u00e4ndern, erh\u00e4lt den richtigen Muskeltonus, beseitigt Taubheit und M\u00fcdigkeit in den Beinen, reduziert Kopfschmerzen und Migr\u00e4ne.<\/p>\n","protected":false},"excerpt":{"rendered":"<p>Es handelt sich um eine traditionelle und einzigartige Form der Entspannung, die den ganzen K\u00f6rper einbezieht und zahlreiche Techniken verwendet. Diese Massage kombiniert Elemente aus Dehnung, Akupressur und Shiatsu (japanische Massage).<\/p>\n","protected":false},"featured_media":4424,"template":"","meta":[],"product_cat":[71],"product_tag":[],"class_list":{"0":"post-4538","1":"product","2":"type-product","3":"status-publish","4":"has-post-thumbnail","6":"product_cat-masaze-de","8":"first","9":"instock","10":"shipping-taxable","11":"purchasable","12":"product-type-simple"},"_links":{"self":[{"href":"https:\/\/gdynia.thaimai.pl\/de\/wp-json\/wp\/v2\/product\/4538","targetHints":{"allow":["GET"]}}],"collection":[{"href":"https:\/\/gdynia.thaimai.pl\/de\/wp-json\/wp\/v2\/product"}],"about":[{"href":"https:\/\/gdynia.thaimai.pl\/de\/wp-json\/wp\/v2\/types\/product"}],"wp:featuredmedia":[{"embeddable":true,"href":"https:\/\/gdynia.thaimai.pl\/de\/wp-json\/wp\/v2\/media\/4424"}],"wp:attachment":[{"href":"https:\/\/gdynia.thaimai.pl\/de\/wp-json\/wp\/v2\/media?parent=4538"}],"wp:term":[{"taxonomy":"product_cat","embeddable":true,"href":"https:\/\/gdynia.thaimai.pl\/de\/wp-json\/wp\/v2\/product_cat?post=4538"},{"taxonomy":"product_tag","embeddable":true,"href":"https:\/\/gdynia.thaimai.pl\/de\/wp-json\/wp\/v2\/product_tag?post=4538"}],"curies":[{"name":"wp","href":"https:\/\/api.w.org\/{rel}","templated":true}]}}