{"id":4539,"date":"2023-04-21T10:59:41","date_gmt":"2023-04-21T08:59:41","guid":{"rendered":"https:\/\/gdynia.thaimai.pl\/produkt\/tajski-masaz-goracym-olejkiem-kokosowym\/"},"modified":"2024-05-25T15:58:56","modified_gmt":"2024-05-25T13:58:56","slug":"thailaendische-massage-mit-heissem-kokosnussoel","status":"publish","type":"product","link":"https:\/\/gdynia.thaimai.pl\/de\/produkt\/thailaendische-massage-mit-heissem-kokosnussoel\/","title":{"rendered":"Thail\u00e4ndische Massage mit hei\u00dfem Kokosnuss\u00f6l"},"content":{"rendered":"<p>Es handelt sich um eine \u00e4u\u00dferst entspannende und erholsame Behandlung. Eine Technik mit langen, streichenden Bewegungen wird eingesetzt, um die negativen Auswirkungen von Stresssituationen zu entsch\u00e4rfen und die Nerven zu beruhigen. Sanfte Musik f\u00f6rdert eine entspannende und beruhigende Wirkung. Verbessert das Immunsystem und das Nervensystem. Unglaublich entspannend und stressabbauend. Stimuliert das Lymph- und Kreislaufsystem und beschleunigt den Abtransport von \u00fcbersch\u00fcssigem Wasser aus dem K\u00f6rper. Kokosnuss\u00f6l hat viele positive Eigenschaften. Es hat eine heilsame Wirkung auf unsere Haut, indem es das Auftreten von Flecken verhindert, Feuchtigkeit spendet und die Haut gl\u00e4ttet. Kokosnuss\u00f6l ist eine Quelle nat\u00fcrlicher Antioxidantien, die freie Radikale bek\u00e4mpfen, den Alterungsprozess der Haut verlangsamen und sie straff und geschmeidig machen.<\/p>\n<p>Die Thai-Massage mit Kokosnuss\u00f6l wird f\u00fcr Menschen mit einem aktiven Lebensstil empfohlen, die von einer Massage erwarten, dass sie K\u00f6rper und Geist entspannt und gleichzeitig die Haut pflegt. Das Auftragen von Kokosnuss\u00f6l auf die Haut am ganzen K\u00f6rper ist ideal, um die Haut mit Feuchtigkeit zu versorgen und zu gl\u00e4tten und ihre Festigkeit und Elastizit\u00e4t zu verbessern. Die Massage mit hei\u00dfem Kokosnuss\u00f6l ist besonders f\u00fcr Menschen mit trockener und empfindlicher Haut geeignet.<\/p>\n","protected":false},"excerpt":{"rendered":"<p>Die entspannende Massage mit warmem Kokosnuss\u00f6l ist eine hocharomatische Behandlung, die eine Kombination aus Akupressurtechnik und Ajuverda-Massage ist. Dar\u00fcber hinaus spendet Kokosnuss\u00f6l Feuchtigkeit und strafft die Haut.<\/p>\n","protected":false},"featured_media":4416,"template":"","meta":[],"product_cat":[71],"product_tag":[],"class_list":{"0":"post-4539","1":"product","2":"type-product","3":"status-publish","4":"has-post-thumbnail","6":"product_cat-masaze-de","8":"first","9":"instock","10":"shipping-taxable","11":"purchasable","12":"product-type-simple"},"_links":{"self":[{"href":"https:\/\/gdynia.thaimai.pl\/de\/wp-json\/wp\/v2\/product\/4539","targetHints":{"allow":["GET"]}}],"collection":[{"href":"https:\/\/gdynia.thaimai.pl\/de\/wp-json\/wp\/v2\/product"}],"about":[{"href":"https:\/\/gdynia.thaimai.pl\/de\/wp-json\/wp\/v2\/types\/product"}],"wp:featuredmedia":[{"embeddable":true,"href":"https:\/\/gdynia.thaimai.pl\/de\/wp-json\/wp\/v2\/media\/4416"}],"wp:attachment":[{"href":"https:\/\/gdynia.thaimai.pl\/de\/wp-json\/wp\/v2\/media?parent=4539"}],"wp:term":[{"taxonomy":"product_cat","embeddable":true,"href":"https:\/\/gdynia.thaimai.pl\/de\/wp-json\/wp\/v2\/product_cat?post=4539"},{"taxonomy":"product_tag","embeddable":true,"href":"https:\/\/gdynia.thaimai.pl\/de\/wp-json\/wp\/v2\/product_tag?post=4539"}],"curies":[{"name":"wp","href":"https:\/\/api.w.org\/{rel}","templated":true}]}}