{"id":4544,"date":"2023-04-21T11:01:22","date_gmt":"2023-04-21T09:01:22","guid":{"rendered":"https:\/\/gdynia.thaimai.pl\/produkt\/masaz-balijski\/"},"modified":"2024-05-25T15:58:57","modified_gmt":"2024-05-25T13:58:57","slug":"balinesische-massage","status":"publish","type":"product","link":"https:\/\/gdynia.thaimai.pl\/de\/produkt\/balinesische-massage\/","title":{"rendered":"Balinesische Massage"},"content":{"rendered":"<p>Sie ist deshalb so wirkungsvoll, weil sie durch ihre Intensit\u00e4t tief in die angespannten, beanspruchten Muskeln eindringt und deren Verkrampfungen lindert. Um das tiefere Muskelgewebe zu erreichen, wird bei der balinesischen Massage starker Akupunkturdruck im Wechsel mit kr\u00e4ftigem Klopfen und Reiben des Muskelgewebes eingesetzt.<\/p>\n<p>Es wird besonders empfohlen f\u00fcr Menschen, die lange vor dem Computer sitzen, f\u00fcr Menschen mit R\u00fcckenschmerzen, f\u00fcr Sportler, bei Migr\u00e4ne und anderen Kopfschmerzen, als Mittel gegen Schlaflosigkeit, Stress, Angst und Depression.<\/p>\n<p>Das Wesen der balinesischen Massage ist ein sorgf\u00e4ltiges und therapeutisches System, das K\u00f6rper und Geist in einen Zustand v\u00f6lliger Harmonie bringen soll, gefolgt von einem Zustand der Gesundheit und des Wohlbefindens, der Ruhe und der geistigen Erneuerung.<\/p>\n","protected":false},"excerpt":{"rendered":"<p>Die balinesische Massage ist eine Kombination aus Reflexzonenmassage, Elementen des Yoga und Akupressur. Die tiefgreifende Wirkung der H\u00e4nde des Therapeuten f\u00f6rdert in idealer Weise die Entspannung der beanspruchten und verspannten Muskulatur und stimuliert harmonisch K\u00f6rper, Geist und Seele.<\/p>\n","protected":false},"featured_media":4422,"template":"","meta":[],"product_cat":[71],"product_tag":[],"class_list":{"0":"post-4544","1":"product","2":"type-product","3":"status-publish","4":"has-post-thumbnail","6":"product_cat-masaze-de","8":"first","9":"instock","10":"shipping-taxable","11":"purchasable","12":"product-type-simple"},"_links":{"self":[{"href":"https:\/\/gdynia.thaimai.pl\/de\/wp-json\/wp\/v2\/product\/4544","targetHints":{"allow":["GET"]}}],"collection":[{"href":"https:\/\/gdynia.thaimai.pl\/de\/wp-json\/wp\/v2\/product"}],"about":[{"href":"https:\/\/gdynia.thaimai.pl\/de\/wp-json\/wp\/v2\/types\/product"}],"wp:featuredmedia":[{"embeddable":true,"href":"https:\/\/gdynia.thaimai.pl\/de\/wp-json\/wp\/v2\/media\/4422"}],"wp:attachment":[{"href":"https:\/\/gdynia.thaimai.pl\/de\/wp-json\/wp\/v2\/media?parent=4544"}],"wp:term":[{"taxonomy":"product_cat","embeddable":true,"href":"https:\/\/gdynia.thaimai.pl\/de\/wp-json\/wp\/v2\/product_cat?post=4544"},{"taxonomy":"product_tag","embeddable":true,"href":"https:\/\/gdynia.thaimai.pl\/de\/wp-json\/wp\/v2\/product_tag?post=4544"}],"curies":[{"name":"wp","href":"https:\/\/api.w.org\/{rel}","templated":true}]}}