{"id":4555,"date":"2023-04-21T11:06:13","date_gmt":"2023-04-21T09:06:13","guid":{"rendered":"https:\/\/gdynia.thaimai.pl\/produkt\/masaz-lomi-lomi\/"},"modified":"2024-05-25T15:58:59","modified_gmt":"2024-05-25T13:58:59","slug":"lomi-lomi-massage","status":"publish","type":"product","link":"https:\/\/gdynia.thaimai.pl\/de\/produkt\/lomi-lomi-massage\/","title":{"rendered":"Lomi Lomi Massage"},"content":{"rendered":"<p>Die Geschichte der Lomi-Lomi-Massage reicht Tausende von Jahren zur\u00fcck, als sie in alten hawaiianischen Tempeln von Schamanen, den Kahunas, durchgef\u00fchrt wurde.<\/p>\n<p>Diese Massage ist sehr sanft und mild, so dass sie in Hawaii scherzhaft bis heute als die Ber\u00fchrung einer gl\u00fccklichen Katzenpfote bezeichnet wird. Es kann aber auch eine st\u00e4rkere Massage sein &#8211; das h\u00e4ngt ganz von den Bed\u00fcrfnissen und W\u00fcnschen der massierten Person ab. Die charakteristische Technik der Lomi-Lomi-Massage ist die Massage mit den Unterarmen. Sie ist sehr flie\u00dfend und harmonisch, was sie von anderen Massagen unterscheidet.<\/p>\n<p>Die hawaiianische Massage ist eine entspannende Massage, aber ihr gro\u00dfer therapeutischer Wert darf nicht vergessen werden. Sie wirkt sich auf viele Ebenen des menschlichen Funktionierens und Lebens aus:<\/p>\n<ul>\n<li>physisch &#8211; wirkt heilend auf den K\u00f6rper, baut Stress, Blockaden und Spannungen ab, erreicht verborgene Zust\u00e4nde und f\u00f6rdert die Heilung,<\/li>\n<li>Emotional &#8211; hilft, sich zu beruhigen, sich von negativen Gef\u00fchlen und Emotionen zu l\u00f6sen, beruhigt und spendet Trost,<\/li>\n<li>Spirituell &#8211; l\u00f6st Musterblockaden auf, verbessert und st\u00e4rkt den Energiefluss, verhilft zu Harmonie.<\/li>\n<\/ul>\n","protected":false},"excerpt":{"rendered":"<p>Die Lomi-Lomi-Massage bietet Ihnen tiefe Entspannung und Revitalisierung und erf\u00fcllt Ihren K\u00f6rper und Geist mit neuer Energie. Sie werden sich erfrischt und gl\u00fccklich f\u00fchlen.<\/p>\n","protected":false},"featured_media":4404,"template":"","meta":[],"product_cat":[71],"product_tag":[],"class_list":{"0":"post-4555","1":"product","2":"type-product","3":"status-publish","4":"has-post-thumbnail","6":"product_cat-masaze-de","8":"first","9":"instock","10":"shipping-taxable","11":"purchasable","12":"product-type-simple"},"_links":{"self":[{"href":"https:\/\/gdynia.thaimai.pl\/de\/wp-json\/wp\/v2\/product\/4555","targetHints":{"allow":["GET"]}}],"collection":[{"href":"https:\/\/gdynia.thaimai.pl\/de\/wp-json\/wp\/v2\/product"}],"about":[{"href":"https:\/\/gdynia.thaimai.pl\/de\/wp-json\/wp\/v2\/types\/product"}],"wp:featuredmedia":[{"embeddable":true,"href":"https:\/\/gdynia.thaimai.pl\/de\/wp-json\/wp\/v2\/media\/4404"}],"wp:attachment":[{"href":"https:\/\/gdynia.thaimai.pl\/de\/wp-json\/wp\/v2\/media?parent=4555"}],"wp:term":[{"taxonomy":"product_cat","embeddable":true,"href":"https:\/\/gdynia.thaimai.pl\/de\/wp-json\/wp\/v2\/product_cat?post=4555"},{"taxonomy":"product_tag","embeddable":true,"href":"https:\/\/gdynia.thaimai.pl\/de\/wp-json\/wp\/v2\/product_tag?post=4555"}],"curies":[{"name":"wp","href":"https:\/\/api.w.org\/{rel}","templated":true}]}}