{"id":4557,"date":"2023-04-21T11:17:10","date_gmt":"2023-04-21T09:17:10","guid":{"rendered":"https:\/\/gdynia.thaimai.pl\/produkt\/tajski-masaz-aloe-vera\/"},"modified":"2024-05-25T15:59:00","modified_gmt":"2024-05-25T13:59:00","slug":"thailaendische-aloe-vera-massage","status":"publish","type":"product","link":"https:\/\/gdynia.thaimai.pl\/de\/produkt\/thailaendische-aloe-vera-massage\/","title":{"rendered":"Thail\u00e4ndische Aloe Vera Massage"},"content":{"rendered":"<p>Die Massage wird mit nat\u00fcrlichem Aloe-Vera-Gel durchgef\u00fchrt, das die subkutane Mikrozirkulation verbessert und das Gewebe besser ern\u00e4hrt und atmet. Sie versorgt die Haut perfekt mit Feuchtigkeit, macht sie weich und beugt Trockenheit vor.<\/p>\n<p>Aloe-Extrakt f\u00f6rdert die Regeneration der Haut, erh\u00f6ht die Kollagen- und Elastinsynthese und verbessert die Durchblutung. Das lang anhaltende, angenehme Gef\u00fchl der gek\u00fchlten Haut wirkt beruhigend und entspannend.<\/p>\n<p>Die Massage hilft, Stress und Muskelverspannungen abzubauen. Es lindert auch Reizungen und R\u00f6tungen nach \u00fcberm\u00e4\u00dfiger Sonneneinstrahlung.<\/p>\n<p>Aloe vera wirkt:<\/p>\n<ul>\n<li>immunstimulierend und entz\u00fcndungshemmend,<\/li>\n<li>spendet Feuchtigkeit und st\u00e4rkt die sch\u00fctzenden Eigenschaften der Epidermis,<\/li>\n<li>gl\u00e4ttet und strafft,<\/li>\n<li>Verbesserung der Mikrozirkulation und des Lymphflusses,<\/li>\n<li>hat eine anti-\u00f6demat\u00f6se und Anti-Cellulite-Wirkung.<\/li>\n<\/ul>\n","protected":false},"excerpt":{"rendered":"<p>Eine entspannende und wohltuende Massage, die entz\u00fcndungshemmende und erfrischende Eigenschaften mit sich bringt.<\/p>\n","protected":false},"featured_media":4392,"template":"","meta":[],"product_cat":[71],"product_tag":[],"class_list":{"0":"post-4557","1":"product","2":"type-product","3":"status-publish","4":"has-post-thumbnail","6":"product_cat-masaze-de","8":"first","9":"instock","10":"shipping-taxable","11":"purchasable","12":"product-type-simple"},"_links":{"self":[{"href":"https:\/\/gdynia.thaimai.pl\/de\/wp-json\/wp\/v2\/product\/4557","targetHints":{"allow":["GET"]}}],"collection":[{"href":"https:\/\/gdynia.thaimai.pl\/de\/wp-json\/wp\/v2\/product"}],"about":[{"href":"https:\/\/gdynia.thaimai.pl\/de\/wp-json\/wp\/v2\/types\/product"}],"wp:featuredmedia":[{"embeddable":true,"href":"https:\/\/gdynia.thaimai.pl\/de\/wp-json\/wp\/v2\/media\/4392"}],"wp:attachment":[{"href":"https:\/\/gdynia.thaimai.pl\/de\/wp-json\/wp\/v2\/media?parent=4557"}],"wp:term":[{"taxonomy":"product_cat","embeddable":true,"href":"https:\/\/gdynia.thaimai.pl\/de\/wp-json\/wp\/v2\/product_cat?post=4557"},{"taxonomy":"product_tag","embeddable":true,"href":"https:\/\/gdynia.thaimai.pl\/de\/wp-json\/wp\/v2\/product_tag?post=4557"}],"curies":[{"name":"wp","href":"https:\/\/api.w.org\/{rel}","templated":true}]}}