{"id":4560,"date":"2023-04-21T11:25:30","date_gmt":"2023-04-21T09:25:30","guid":{"rendered":"https:\/\/gdynia.thaimai.pl\/produkt\/tajski-masaz-aloe-vera-kopia\/"},"modified":"2024-05-25T15:59:01","modified_gmt":"2024-05-25T13:59:01","slug":"thai-gold-massage-24-kfz","status":"publish","type":"product","link":"https:\/\/gdynia.thaimai.pl\/de\/produkt\/thai-gold-massage-24-kfz\/","title":{"rendered":"Thai Gold Massage (24 Kfz.)"},"content":{"rendered":"<p>Es handelt sich um eine einzigartige entspannende und erholsame Behandlung. Eine Technik mit langen, streichenden Bewegungen wird eingesetzt, um die negativen Auswirkungen von Stresssituationen zu entsch\u00e4rfen und die Nerven zu beruhigen. Diese hautversch\u00f6nernde Behandlung mit 24 Karat Gold ist eine umfassende Massage und ein luxuri\u00f6ses Erlebnis, das den Zellstoffwechsel der Haut anregt. Unglaublich entspannend und stressabbauend. Stimuliert das Lymph- und Kreislaufsystem und beschleunigt den Abtransport von \u00fcbersch\u00fcssigem Wasser aus dem K\u00f6rper.<\/p>\n<p>Diese Verwendung von Gold hat eine revitalisierende und aufhellende Wirkung auf die Haut und mildert so das Auftreten von Falten und Zeichen der Hautalterung. Diese Behandlung f\u00fchrt zu einer Verbesserung des Aussehens und zu einem gr\u00f6\u00dferen Gef\u00fchl der Selbstattraktivit\u00e4t.<\/p>\n<p>Die Behandlung f\u00fchrt zu sichtbaren Effekten wie: sichtbar befeuchtete und glatte Haut, sensationelle Straffung und erh\u00f6hte Elastizit\u00e4t der Haut am ganzen K\u00f6rper, Regeneration und Verbesserung der epidermalen Mikroskulptur, sichtbare Verbesserung des Hauttons.<\/p>\n","protected":false},"excerpt":{"rendered":"<p>Eine einzigartige Massage mit 24-kar\u00e4tigem Gold\u00f6l zur Verbesserung der Mikroskulptur der Epidermis &#8211; die Haut ist nach der Behandlung sichtbar durchfeuchteter und glatter. Lange, streichende Bewegungen beschleunigen die Ausscheidung von \u00fcbersch\u00fcssigem Wasser aus dem K\u00f6rper und bauen Stress ab.<\/p>\n","protected":false},"featured_media":4398,"template":"","meta":[],"product_cat":[71],"product_tag":[],"class_list":{"0":"post-4560","1":"product","2":"type-product","3":"status-publish","4":"has-post-thumbnail","6":"product_cat-masaze-de","8":"first","9":"instock","10":"shipping-taxable","11":"purchasable","12":"product-type-simple"},"_links":{"self":[{"href":"https:\/\/gdynia.thaimai.pl\/de\/wp-json\/wp\/v2\/product\/4560","targetHints":{"allow":["GET"]}}],"collection":[{"href":"https:\/\/gdynia.thaimai.pl\/de\/wp-json\/wp\/v2\/product"}],"about":[{"href":"https:\/\/gdynia.thaimai.pl\/de\/wp-json\/wp\/v2\/types\/product"}],"wp:featuredmedia":[{"embeddable":true,"href":"https:\/\/gdynia.thaimai.pl\/de\/wp-json\/wp\/v2\/media\/4398"}],"wp:attachment":[{"href":"https:\/\/gdynia.thaimai.pl\/de\/wp-json\/wp\/v2\/media?parent=4560"}],"wp:term":[{"taxonomy":"product_cat","embeddable":true,"href":"https:\/\/gdynia.thaimai.pl\/de\/wp-json\/wp\/v2\/product_cat?post=4560"},{"taxonomy":"product_tag","embeddable":true,"href":"https:\/\/gdynia.thaimai.pl\/de\/wp-json\/wp\/v2\/product_tag?post=4560"}],"curies":[{"name":"wp","href":"https:\/\/api.w.org\/{rel}","templated":true}]}}