{"id":4563,"date":"2023-04-21T11:26:46","date_gmt":"2023-04-21T09:26:46","guid":{"rendered":"https:\/\/gdynia.thaimai.pl\/produkt\/tajski-masaz-swieca\/"},"modified":"2024-05-25T15:59:01","modified_gmt":"2024-05-25T13:59:01","slug":"thai-kerzen-massage","status":"publish","type":"product","link":"https:\/\/gdynia.thaimai.pl\/de\/produkt\/thai-kerzen-massage\/","title":{"rendered":"Thai-Kerzen-Massage"},"content":{"rendered":"<p>Die Massage wird ausschlie\u00dflich mit warmem Kerzen\u00f6l durchgef\u00fchrt, das aus naturbelassenen Wachsen und einer aromatischen Mischung \u00e4therischer \u00d6le besteht. Es wird eine spezielle kosmetische Kerze verwendet, die sich beim Aufl\u00f6sen in ein warmes, aromatisches \u00d6l verwandelt, das dann in den K\u00f6rper einmassiert wird.<\/p>\n<p>Massagen sind nicht nur f\u00fcr unseren geistigen Bereich von gro\u00dfem Nutzen, sondern auch f\u00fcr unsere Haut. Die Haut wird geschmeidiger, f\u00fchlt sich seidig glatt und weich an und duftet sehr angenehm.<\/p>\n<p>Die Haut ist hydratisiert, gen\u00e4hrt und strahlend.<\/p>\n<p>Eine Kerzenmassage ist wohltuend f\u00fcr trockene, glanzlose Haut. Sie wirkt tief entspannend und beruhigend, indem sie Spannungen im K\u00f6rper beseitigt.<\/p>\n","protected":false},"excerpt":{"rendered":"<p>Eine Thai-Massage mit warmem, aromatischem Kerzenwachs sorgt f\u00fcr eine einzigartige, rituelle Stimmung. Es ist eine sinnliche Behandlung, die uns durch die Intensit\u00e4t der D\u00fcfte anregt und durch die W\u00e4rme der Kerzen entspannt.<\/p>\n","protected":false},"featured_media":4390,"template":"","meta":[],"product_cat":[71],"product_tag":[],"class_list":{"0":"post-4563","1":"product","2":"type-product","3":"status-publish","4":"has-post-thumbnail","6":"product_cat-masaze-de","8":"first","9":"instock","10":"shipping-taxable","11":"purchasable","12":"product-type-simple"},"_links":{"self":[{"href":"https:\/\/gdynia.thaimai.pl\/de\/wp-json\/wp\/v2\/product\/4563","targetHints":{"allow":["GET"]}}],"collection":[{"href":"https:\/\/gdynia.thaimai.pl\/de\/wp-json\/wp\/v2\/product"}],"about":[{"href":"https:\/\/gdynia.thaimai.pl\/de\/wp-json\/wp\/v2\/types\/product"}],"wp:featuredmedia":[{"embeddable":true,"href":"https:\/\/gdynia.thaimai.pl\/de\/wp-json\/wp\/v2\/media\/4390"}],"wp:attachment":[{"href":"https:\/\/gdynia.thaimai.pl\/de\/wp-json\/wp\/v2\/media?parent=4563"}],"wp:term":[{"taxonomy":"product_cat","embeddable":true,"href":"https:\/\/gdynia.thaimai.pl\/de\/wp-json\/wp\/v2\/product_cat?post=4563"},{"taxonomy":"product_tag","embeddable":true,"href":"https:\/\/gdynia.thaimai.pl\/de\/wp-json\/wp\/v2\/product_tag?post=4563"}],"curies":[{"name":"wp","href":"https:\/\/api.w.org\/{rel}","templated":true}]}}