{"id":4566,"date":"2023-04-21T11:29:39","date_gmt":"2023-04-21T09:29:39","guid":{"rendered":"https:\/\/gdynia.thaimai.pl\/produkt\/tajski-masaz-antycellulitowy\/"},"modified":"2024-05-25T15:59:02","modified_gmt":"2024-05-25T13:59:02","slug":"thailaendische-anti-cellulite-massage","status":"publish","type":"product","link":"https:\/\/gdynia.thaimai.pl\/de\/produkt\/thailaendische-anti-cellulite-massage\/","title":{"rendered":"Thail\u00e4ndische Anti-Cellulite-Massage"},"content":{"rendered":"<p>Die Massage wirkt auf das Unterhautgewebe, entfernt Ablagerungen von sch\u00e4dlichen Stoffwechselprodukten und Giftstoffen, reduziert den Lymphstau und regt die normale Funktion des K\u00f6rpers an. Bessere Sauerstoffversorgung, N\u00e4hrstoffversorgung und glattere Haut sind nur einige der Effekte. Bessere Sauerstoffversorgung, N\u00e4hrstoffversorgung und glattere Haut sind nur einige der Effekte. Auch die Spannkraft, Elastizit\u00e4t und Festigkeit der Haut kann verbessert werden. Die Massage wird mit speziellen Cremes und \u00d6len durchgef\u00fchrt, die aktive Wirkstoffe enthalten.<\/p>\n<p>Sichtbare Effekte der Behandlung: Reinigung, Sauerstoffzufuhr, Straffung.<\/p>\n<p>Regelm\u00e4\u00dfige Massagen verbessern die Blut- und Lymphzirkulation, reinigen die Haut von Giftstoffen und st\u00e4rken die Muskeln. Nach einer Reihe von Massagen kommt es zu einer sichtbaren Reduzierung des K\u00f6rperfetts und des K\u00f6rperumfangs, w\u00e4hrend die Haut an Bauch und Oberschenkeln geschmeidiger und fester wird.<\/p>\n","protected":false},"excerpt":{"rendered":"<p>Die Anti-Cellulite-Massage konzentriert sich auf besonders gut ausgew\u00e4hlte Techniken, die darauf abzielen, die Durchblutung des gesamten K\u00f6rpers zu verbessern, insbesondere in den Bereichen, in denen sich Ver\u00e4nderungen bemerkbar machen.<\/p>\n","protected":false},"featured_media":4386,"template":"","meta":[],"product_cat":[71],"product_tag":[],"class_list":{"0":"post-4566","1":"product","2":"type-product","3":"status-publish","4":"has-post-thumbnail","6":"product_cat-masaze-de","8":"first","9":"instock","10":"shipping-taxable","11":"purchasable","12":"product-type-simple"},"_links":{"self":[{"href":"https:\/\/gdynia.thaimai.pl\/de\/wp-json\/wp\/v2\/product\/4566","targetHints":{"allow":["GET"]}}],"collection":[{"href":"https:\/\/gdynia.thaimai.pl\/de\/wp-json\/wp\/v2\/product"}],"about":[{"href":"https:\/\/gdynia.thaimai.pl\/de\/wp-json\/wp\/v2\/types\/product"}],"wp:featuredmedia":[{"embeddable":true,"href":"https:\/\/gdynia.thaimai.pl\/de\/wp-json\/wp\/v2\/media\/4386"}],"wp:attachment":[{"href":"https:\/\/gdynia.thaimai.pl\/de\/wp-json\/wp\/v2\/media?parent=4566"}],"wp:term":[{"taxonomy":"product_cat","embeddable":true,"href":"https:\/\/gdynia.thaimai.pl\/de\/wp-json\/wp\/v2\/product_cat?post=4566"},{"taxonomy":"product_tag","embeddable":true,"href":"https:\/\/gdynia.thaimai.pl\/de\/wp-json\/wp\/v2\/product_tag?post=4566"}],"curies":[{"name":"wp","href":"https:\/\/api.w.org\/{rel}","templated":true}]}}