{"id":4571,"date":"2023-04-21T11:36:28","date_gmt":"2023-04-21T09:36:28","guid":{"rendered":"https:\/\/gdynia.thaimai.pl\/produkt\/tajski-masaz-olejkiem-sezamowym\/"},"modified":"2024-05-25T15:59:04","modified_gmt":"2024-05-25T13:59:04","slug":"thailaendische-sesamoel-massage","status":"publish","type":"product","link":"https:\/\/gdynia.thaimai.pl\/de\/produkt\/thailaendische-sesamoel-massage\/","title":{"rendered":"Thail\u00e4ndische Sesam\u00f6l-Massage"},"content":{"rendered":"<p>Es enth\u00e4lt Substanzen, die als nat\u00fcrliche Antioxidantien den Alterungsprozess der Haut verlangsamen und die Haut entsprechend mit Feuchtigkeit und Fett versorgen. Im Sommer sch\u00fctzt es unsere Haut vor UV-Strahlung, w\u00e4hrend es im Winter vor den negativen Auswirkungen von Frost sch\u00fctzt, indem es eine Schutzbarriere auf der Haut bildet. Dar\u00fcber hinaus hat Sesam\u00f6l w\u00e4rmende und durchblutungsf\u00f6rdernde Eigenschaften. Es entgiftet den K\u00f6rper und beteiligt sich an der Beseitigung von Giftstoffen, die m verursachen. in. Cellulitis. Die Sesam\u00f6lmassage hat eine beruhigende Wirkung auf zwei Systeme unseres K\u00f6rpers &#8211; das Nerven- und das Hormonsystem. Es ist eine Behandlung, die uns neben dem Vergn\u00fcgen auch zus\u00e4tzliche N\u00e4hrstoffe liefert. Ihre Haut wird geschmeidiger, gepflegter und seidenweich, und Sie werden den ganzen Tag \u00fcber weniger nerv\u00f6s und konzentrierter sein.<\/p>\n","protected":false},"excerpt":{"rendered":"<p>Sesam\u00f6l, das seit Jahrtausenden im Ayurveda verwendet wird, hat eine heilsame Wirkung auf die Haut.<\/p>\n","protected":false},"featured_media":4396,"template":"","meta":[],"product_cat":[71],"product_tag":[],"class_list":{"0":"post-4571","1":"product","2":"type-product","3":"status-publish","4":"has-post-thumbnail","6":"product_cat-masaze-de","8":"first","9":"instock","10":"shipping-taxable","11":"purchasable","12":"product-type-simple"},"_links":{"self":[{"href":"https:\/\/gdynia.thaimai.pl\/de\/wp-json\/wp\/v2\/product\/4571","targetHints":{"allow":["GET"]}}],"collection":[{"href":"https:\/\/gdynia.thaimai.pl\/de\/wp-json\/wp\/v2\/product"}],"about":[{"href":"https:\/\/gdynia.thaimai.pl\/de\/wp-json\/wp\/v2\/types\/product"}],"wp:featuredmedia":[{"embeddable":true,"href":"https:\/\/gdynia.thaimai.pl\/de\/wp-json\/wp\/v2\/media\/4396"}],"wp:attachment":[{"href":"https:\/\/gdynia.thaimai.pl\/de\/wp-json\/wp\/v2\/media?parent=4571"}],"wp:term":[{"taxonomy":"product_cat","embeddable":true,"href":"https:\/\/gdynia.thaimai.pl\/de\/wp-json\/wp\/v2\/product_cat?post=4571"},{"taxonomy":"product_tag","embeddable":true,"href":"https:\/\/gdynia.thaimai.pl\/de\/wp-json\/wp\/v2\/product_tag?post=4571"}],"curies":[{"name":"wp","href":"https:\/\/api.w.org\/{rel}","templated":true}]}}