{"id":4574,"date":"2023-04-21T11:38:07","date_gmt":"2023-04-21T09:38:07","guid":{"rendered":"https:\/\/gdynia.thaimai.pl\/produkt\/tajski-masaz-sportowy\/"},"modified":"2024-05-25T15:59:05","modified_gmt":"2024-05-25T13:59:05","slug":"thailaendische-sportmassage","status":"publish","type":"product","link":"https:\/\/gdynia.thaimai.pl\/de\/produkt\/thailaendische-sportmassage\/","title":{"rendered":"Thail\u00e4ndische Sportmassage"},"content":{"rendered":"<p>Sie ist eine viel kraftvollere Massage als die klassische und die \u00d6lmassage &#8211; perfekt f\u00fcr Intensivsportler sowie f\u00fcr Menschen, die sich ersch\u00f6pft f\u00fchlen und schnell wieder zu Kr\u00e4ften kommen wollen.<br \/>\nEs ist auch ideal f\u00fcr alle, die sich um geschw\u00e4chte Muskeln und nachlassende Konzentration k\u00fcmmern oder Sch\u00e4den an m\u00fcden Muskeln und Muskelzerrungen vorbeugen wollen.<\/p>\n","protected":false},"excerpt":{"rendered":"<p>So kann sich der K\u00f6rper vollst\u00e4ndig erholen. Dank des kr\u00e4ftigen und starken Einreibens des K\u00f6rpers mit den \u00d6len hat sie eine w\u00e4rmende und heilende Funktion.<\/p>\n","protected":false},"featured_media":4382,"template":"","meta":[],"product_cat":[71],"product_tag":[],"class_list":{"0":"post-4574","1":"product","2":"type-product","3":"status-publish","4":"has-post-thumbnail","6":"product_cat-masaze-de","8":"first","9":"instock","10":"shipping-taxable","11":"purchasable","12":"product-type-simple"},"_links":{"self":[{"href":"https:\/\/gdynia.thaimai.pl\/de\/wp-json\/wp\/v2\/product\/4574","targetHints":{"allow":["GET"]}}],"collection":[{"href":"https:\/\/gdynia.thaimai.pl\/de\/wp-json\/wp\/v2\/product"}],"about":[{"href":"https:\/\/gdynia.thaimai.pl\/de\/wp-json\/wp\/v2\/types\/product"}],"wp:featuredmedia":[{"embeddable":true,"href":"https:\/\/gdynia.thaimai.pl\/de\/wp-json\/wp\/v2\/media\/4382"}],"wp:attachment":[{"href":"https:\/\/gdynia.thaimai.pl\/de\/wp-json\/wp\/v2\/media?parent=4574"}],"wp:term":[{"taxonomy":"product_cat","embeddable":true,"href":"https:\/\/gdynia.thaimai.pl\/de\/wp-json\/wp\/v2\/product_cat?post=4574"},{"taxonomy":"product_tag","embeddable":true,"href":"https:\/\/gdynia.thaimai.pl\/de\/wp-json\/wp\/v2\/product_tag?post=4574"}],"curies":[{"name":"wp","href":"https:\/\/api.w.org\/{rel}","templated":true}]}}