{"id":4576,"date":"2023-04-21T11:40:00","date_gmt":"2023-04-21T09:40:00","guid":{"rendered":"https:\/\/gdynia.thaimai.pl\/produkt\/masaz-tajski-klasyczny-stop-lub-plecow\/"},"modified":"2024-05-25T15:59:05","modified_gmt":"2024-05-25T13:59:05","slug":"klassische-thai-massage-fuesse-oder-ruecken","status":"publish","type":"product","link":"https:\/\/gdynia.thaimai.pl\/de\/produkt\/klassische-thai-massage-fuesse-oder-ruecken\/","title":{"rendered":"Klassische Thai-Massage + F\u00fc\u00dfe oder R\u00fccken"},"content":{"rendered":"","protected":false},"excerpt":{"rendered":"<p>Eine zweist\u00fcndige Behandlung, bei der die erste H\u00e4lfte mit einer klassischen thail\u00e4ndischen Ganzk\u00f6rpermassage durch die Kleidung ausgef\u00fcllt ist, w\u00e4hrend die zweite H\u00e4lfte der Beinmassage gewidmet ist &#8211; von den F\u00fc\u00dfen \u00fcber die Waden bis zu den Oberschenkeln.<\/p>\n","protected":false},"featured_media":4897,"template":"","meta":[],"product_cat":[71],"product_tag":[],"class_list":{"0":"post-4576","1":"product","2":"type-product","3":"status-publish","4":"has-post-thumbnail","6":"product_cat-masaze-de","8":"first","9":"instock","10":"shipping-taxable","11":"purchasable","12":"product-type-simple"},"_links":{"self":[{"href":"https:\/\/gdynia.thaimai.pl\/de\/wp-json\/wp\/v2\/product\/4576","targetHints":{"allow":["GET"]}}],"collection":[{"href":"https:\/\/gdynia.thaimai.pl\/de\/wp-json\/wp\/v2\/product"}],"about":[{"href":"https:\/\/gdynia.thaimai.pl\/de\/wp-json\/wp\/v2\/types\/product"}],"wp:featuredmedia":[{"embeddable":true,"href":"https:\/\/gdynia.thaimai.pl\/de\/wp-json\/wp\/v2\/media\/4897"}],"wp:attachment":[{"href":"https:\/\/gdynia.thaimai.pl\/de\/wp-json\/wp\/v2\/media?parent=4576"}],"wp:term":[{"taxonomy":"product_cat","embeddable":true,"href":"https:\/\/gdynia.thaimai.pl\/de\/wp-json\/wp\/v2\/product_cat?post=4576"},{"taxonomy":"product_tag","embeddable":true,"href":"https:\/\/gdynia.thaimai.pl\/de\/wp-json\/wp\/v2\/product_tag?post=4576"}],"curies":[{"name":"wp","href":"https:\/\/api.w.org\/{rel}","templated":true}]}}