{"id":4578,"date":"2023-04-21T11:45:36","date_gmt":"2023-04-21T09:45:36","guid":{"rendered":"https:\/\/gdynia.thaimai.pl\/produkt\/tajski-masaz-olejkiem-aromatycznym-stop-lub-plecow\/"},"modified":"2024-05-25T15:59:06","modified_gmt":"2024-05-25T13:59:06","slug":"thai-aromaoel-fuss-oder-rueckenmassage","status":"publish","type":"product","link":"https:\/\/gdynia.thaimai.pl\/de\/produkt\/thai-aromaoel-fuss-oder-rueckenmassage\/","title":{"rendered":"Thai-Aroma\u00f6l + Fu\u00df- oder R\u00fcckenmassage"},"content":{"rendered":"","protected":false},"excerpt":{"rendered":"<p>Eine zweist\u00fcndige Massage, bei der sich der K\u00f6rper in der ersten Stunde durch eine ganzheitliche Massage mit aromatischen \u00d6len entspannen und regenerieren kann, w\u00e4hrend die zweite Stunde der Fu\u00df- und Beinmassage gewidmet ist, um Schmerzen und Verspannungen zu lindern.<\/p>\n","protected":false},"featured_media":4418,"template":"","meta":[],"product_cat":[71],"product_tag":[],"class_list":{"0":"post-4578","1":"product","2":"type-product","3":"status-publish","4":"has-post-thumbnail","6":"product_cat-masaze-de","8":"first","9":"instock","10":"shipping-taxable","11":"purchasable","12":"product-type-simple"},"_links":{"self":[{"href":"https:\/\/gdynia.thaimai.pl\/de\/wp-json\/wp\/v2\/product\/4578","targetHints":{"allow":["GET"]}}],"collection":[{"href":"https:\/\/gdynia.thaimai.pl\/de\/wp-json\/wp\/v2\/product"}],"about":[{"href":"https:\/\/gdynia.thaimai.pl\/de\/wp-json\/wp\/v2\/types\/product"}],"wp:featuredmedia":[{"embeddable":true,"href":"https:\/\/gdynia.thaimai.pl\/de\/wp-json\/wp\/v2\/media\/4418"}],"wp:attachment":[{"href":"https:\/\/gdynia.thaimai.pl\/de\/wp-json\/wp\/v2\/media?parent=4578"}],"wp:term":[{"taxonomy":"product_cat","embeddable":true,"href":"https:\/\/gdynia.thaimai.pl\/de\/wp-json\/wp\/v2\/product_cat?post=4578"},{"taxonomy":"product_tag","embeddable":true,"href":"https:\/\/gdynia.thaimai.pl\/de\/wp-json\/wp\/v2\/product_tag?post=4578"}],"curies":[{"name":"wp","href":"https:\/\/api.w.org\/{rel}","templated":true}]}}