{"id":4582,"date":"2023-04-21T11:48:31","date_gmt":"2023-04-21T09:48:31","guid":{"rendered":"https:\/\/gdynia.thaimai.pl\/produkt\/tajski-masaz-goracym-olejkiem-kokosowym-stop-lub-plecow\/"},"modified":"2025-08-18T15:27:13","modified_gmt":"2025-08-18T13:27:13","slug":"thai-hot-coconut-oil-fuss-oder-rueckenmassage","status":"publish","type":"product","link":"https:\/\/gdynia.thaimai.pl\/de\/produkt\/thai-hot-coconut-oil-fuss-oder-rueckenmassage\/","title":{"rendered":"Thai Hot Coconut Oil + Fu\u00df- oder R\u00fcckenmassage"},"content":{"rendered":"","protected":false},"excerpt":{"rendered":"<p>Eine belebende, besonders aromatische und entspannende Ganzk\u00f6rpermassage mit dem wohltuenden hei\u00dfen Kokosnuss\u00f6l, gefolgt von einer stress- und spannungsl\u00f6senden Fu\u00df- und Beinmassage.<\/p>\n","protected":false},"featured_media":4412,"template":"","meta":[],"product_cat":[71],"product_tag":[],"class_list":{"0":"post-4582","1":"product","2":"type-product","3":"status-publish","4":"has-post-thumbnail","6":"product_cat-masaze-de","8":"first","9":"instock","10":"shipping-taxable","11":"purchasable","12":"product-type-simple"},"_links":{"self":[{"href":"https:\/\/gdynia.thaimai.pl\/de\/wp-json\/wp\/v2\/product\/4582","targetHints":{"allow":["GET"]}}],"collection":[{"href":"https:\/\/gdynia.thaimai.pl\/de\/wp-json\/wp\/v2\/product"}],"about":[{"href":"https:\/\/gdynia.thaimai.pl\/de\/wp-json\/wp\/v2\/types\/product"}],"wp:featuredmedia":[{"embeddable":true,"href":"https:\/\/gdynia.thaimai.pl\/de\/wp-json\/wp\/v2\/media\/4412"}],"wp:attachment":[{"href":"https:\/\/gdynia.thaimai.pl\/de\/wp-json\/wp\/v2\/media?parent=4582"}],"wp:term":[{"taxonomy":"product_cat","embeddable":true,"href":"https:\/\/gdynia.thaimai.pl\/de\/wp-json\/wp\/v2\/product_cat?post=4582"},{"taxonomy":"product_tag","embeddable":true,"href":"https:\/\/gdynia.thaimai.pl\/de\/wp-json\/wp\/v2\/product_tag?post=4582"}],"curies":[{"name":"wp","href":"https:\/\/api.w.org\/{rel}","templated":true}]}}