{"id":4585,"date":"2023-04-21T11:49:36","date_gmt":"2023-04-21T09:49:36","guid":{"rendered":"https:\/\/gdynia.thaimai.pl\/produkt\/masaz-tajski-klasyczny-olejkiem-kokosowym\/"},"modified":"2024-05-25T15:59:09","modified_gmt":"2024-05-25T13:59:09","slug":"klassische-thai-massage-kokosnussoel","status":"publish","type":"product","link":"https:\/\/gdynia.thaimai.pl\/de\/produkt\/klassische-thai-massage-kokosnussoel\/","title":{"rendered":"Klassische Thai-Massage + Kokosnuss\u00f6l"},"content":{"rendered":"","protected":false},"excerpt":{"rendered":"<p>Eine Kombination aus klassischer Thai-Massage, die als Yoga f\u00fcr Faule bekannt ist und Elemente der Akupressur, des Stretching und des Shiatsu mit einer entspannenden Ganzk\u00f6rpermassage mit hei\u00dfem Kokos\u00f6l kombiniert.<\/p>\n","protected":false},"featured_media":4410,"template":"","meta":[],"product_cat":[71],"product_tag":[],"class_list":{"0":"post-4585","1":"product","2":"type-product","3":"status-publish","4":"has-post-thumbnail","6":"product_cat-masaze-de","8":"first","9":"instock","10":"shipping-taxable","11":"purchasable","12":"product-type-simple"},"_links":{"self":[{"href":"https:\/\/gdynia.thaimai.pl\/de\/wp-json\/wp\/v2\/product\/4585","targetHints":{"allow":["GET"]}}],"collection":[{"href":"https:\/\/gdynia.thaimai.pl\/de\/wp-json\/wp\/v2\/product"}],"about":[{"href":"https:\/\/gdynia.thaimai.pl\/de\/wp-json\/wp\/v2\/types\/product"}],"wp:featuredmedia":[{"embeddable":true,"href":"https:\/\/gdynia.thaimai.pl\/de\/wp-json\/wp\/v2\/media\/4410"}],"wp:attachment":[{"href":"https:\/\/gdynia.thaimai.pl\/de\/wp-json\/wp\/v2\/media?parent=4585"}],"wp:term":[{"taxonomy":"product_cat","embeddable":true,"href":"https:\/\/gdynia.thaimai.pl\/de\/wp-json\/wp\/v2\/product_cat?post=4585"},{"taxonomy":"product_tag","embeddable":true,"href":"https:\/\/gdynia.thaimai.pl\/de\/wp-json\/wp\/v2\/product_tag?post=4585"}],"curies":[{"name":"wp","href":"https:\/\/api.w.org\/{rel}","templated":true}]}}