{"id":4587,"date":"2023-04-21T11:50:39","date_gmt":"2023-04-21T09:50:39","guid":{"rendered":"https:\/\/gdynia.thaimai.pl\/produkt\/masaz-tajski-klasyczny-olejkiem-arganowym\/"},"modified":"2024-05-25T15:59:10","modified_gmt":"2024-05-25T13:59:10","slug":"klassische-thai-massage-arganoel","status":"publish","type":"product","link":"https:\/\/gdynia.thaimai.pl\/de\/produkt\/klassische-thai-massage-arganoel\/","title":{"rendered":"Klassische Thai-Massage + Argan\u00f6l"},"content":{"rendered":"","protected":false},"excerpt":{"rendered":"<p>Eine zweist\u00fcndige Behandlung, bei der eine einst\u00fcndige klassische Thai-Massage und eine einst\u00fcndige Massage mit Argan\u00f6l, das oft auch als Elixier der Jugend und Sch\u00f6nheit bezeichnet wird, kombiniert werden.<\/p>\n","protected":false},"featured_media":4400,"template":"","meta":[],"product_cat":[71],"product_tag":[],"class_list":{"0":"post-4587","1":"product","2":"type-product","3":"status-publish","4":"has-post-thumbnail","6":"product_cat-masaze-de","8":"first","9":"instock","10":"shipping-taxable","11":"purchasable","12":"product-type-simple"},"_links":{"self":[{"href":"https:\/\/gdynia.thaimai.pl\/de\/wp-json\/wp\/v2\/product\/4587","targetHints":{"allow":["GET"]}}],"collection":[{"href":"https:\/\/gdynia.thaimai.pl\/de\/wp-json\/wp\/v2\/product"}],"about":[{"href":"https:\/\/gdynia.thaimai.pl\/de\/wp-json\/wp\/v2\/types\/product"}],"wp:featuredmedia":[{"embeddable":true,"href":"https:\/\/gdynia.thaimai.pl\/de\/wp-json\/wp\/v2\/media\/4400"}],"wp:attachment":[{"href":"https:\/\/gdynia.thaimai.pl\/de\/wp-json\/wp\/v2\/media?parent=4587"}],"wp:term":[{"taxonomy":"product_cat","embeddable":true,"href":"https:\/\/gdynia.thaimai.pl\/de\/wp-json\/wp\/v2\/product_cat?post=4587"},{"taxonomy":"product_tag","embeddable":true,"href":"https:\/\/gdynia.thaimai.pl\/de\/wp-json\/wp\/v2\/product_tag?post=4587"}],"curies":[{"name":"wp","href":"https:\/\/api.w.org\/{rel}","templated":true}]}}