{"id":4589,"date":"2023-04-21T11:51:48","date_gmt":"2023-04-21T09:51:48","guid":{"rendered":"https:\/\/gdynia.thaimai.pl\/produkt\/tajski-masaz-stemplami-ziolowymi\/"},"modified":"2024-05-25T15:59:10","modified_gmt":"2024-05-25T13:59:10","slug":"thai-kraeuterstempel-massage","status":"publish","type":"product","link":"https:\/\/gdynia.thaimai.pl\/de\/produkt\/thai-kraeuterstempel-massage\/","title":{"rendered":"Thai Kr\u00e4uterstempel Massage"},"content":{"rendered":"","protected":false},"excerpt":{"rendered":"<p>Eine einzigartig aromatische indonesische Massage, bei der beheizte Stempel verwendet werden, die mit Kr\u00e4utern, \u00e4therischen \u00d6len, Gew\u00fcrzen und Fr\u00fcchten gef\u00fcllt sind. Massagen st\u00e4rken das Immunsystem, entspannen und leiten Giftstoffe aus dem K\u00f6rper ab.<\/p>\n","protected":false},"featured_media":4388,"template":"","meta":[],"product_cat":[71],"product_tag":[],"class_list":{"0":"post-4589","1":"product","2":"type-product","3":"status-publish","4":"has-post-thumbnail","6":"product_cat-masaze-de","8":"first","9":"instock","10":"shipping-taxable","11":"purchasable","12":"product-type-simple"},"_links":{"self":[{"href":"https:\/\/gdynia.thaimai.pl\/de\/wp-json\/wp\/v2\/product\/4589","targetHints":{"allow":["GET"]}}],"collection":[{"href":"https:\/\/gdynia.thaimai.pl\/de\/wp-json\/wp\/v2\/product"}],"about":[{"href":"https:\/\/gdynia.thaimai.pl\/de\/wp-json\/wp\/v2\/types\/product"}],"wp:featuredmedia":[{"embeddable":true,"href":"https:\/\/gdynia.thaimai.pl\/de\/wp-json\/wp\/v2\/media\/4388"}],"wp:attachment":[{"href":"https:\/\/gdynia.thaimai.pl\/de\/wp-json\/wp\/v2\/media?parent=4589"}],"wp:term":[{"taxonomy":"product_cat","embeddable":true,"href":"https:\/\/gdynia.thaimai.pl\/de\/wp-json\/wp\/v2\/product_cat?post=4589"},{"taxonomy":"product_tag","embeddable":true,"href":"https:\/\/gdynia.thaimai.pl\/de\/wp-json\/wp\/v2\/product_tag?post=4589"}],"curies":[{"name":"wp","href":"https:\/\/api.w.org\/{rel}","templated":true}]}}